{"id":521,"date":"2021-05-05T15:32:18","date_gmt":"2021-05-05T13:32:18","guid":{"rendered":"https:\/\/www.fpsaudio.sk\/?page_id=521"},"modified":"2021-05-05T15:33:26","modified_gmt":"2021-05-05T13:33:26","slug":"proamt","status":"publish","type":"page","link":"https:\/\/www.fpsaudio.sk\/?page_id=521","title":{"rendered":"PROAMT"},"content":{"rendered":"<div class=\"fusion-fullwidth fullwidth-box fusion-builder-row-1 fusion-flex-container nonhundred-percent-fullwidth non-hundred-percent-height-scrolling\" style=\"--awb-border-radius-top-left:0px;--awb-border-radius-top-right:0px;--awb-border-radius-bottom-right:0px;--awb-border-radius-bottom-left:0px;--awb-margin-top:-80px;--awb-flex-wrap:wrap;\" ><div class=\"fusion-builder-row fusion-row fusion-flex-align-items-flex-start fusion-flex-content-wrap\" style=\"max-width:1248px;margin-left: calc(-4% \/ 2 );margin-right: calc(-4% \/ 2 );\"><div class=\"fusion-layout-column fusion_builder_column fusion-builder-column-0 fusion_builder_column_1_1 1_1 fusion-flex-column\" style=\"--awb-bg-size:cover;--awb-width-large:100%;--awb-margin-top-large:0px;--awb-spacing-right-large:1.92%;--awb-margin-bottom-large:20px;--awb-spacing-left-large:1.92%;--awb-width-medium:100%;--awb-order-medium:0;--awb-spacing-right-medium:1.92%;--awb-spacing-left-medium:1.92%;--awb-width-small:100%;--awb-order-small:0;--awb-spacing-right-small:1.92%;--awb-spacing-left-small:1.92%;\"><div class=\"fusion-column-wrapper fusion-column-has-shadow fusion-flex-justify-content-flex-start fusion-content-layout-column\"><div class=\"fusion-title title fusion-title-1 fusion-sep-none fusion-title-text fusion-title-size-one\"><h1 class=\"fusion-title-heading title-heading-left\" style=\"margin:0;\"><h4>PROAMT<\/h4><\/h1><\/div><div class=\"fusion-text fusion-text-1\"><p>The data on our AMT PRO program are currently being revised. Attached are the links to the previous publications and some very interesting application reports. For inquiries, please contact\u00a0<a href=\"mailto:info@mundorf.com\">info@mundorf.com<\/a>.<\/p>\n<p><a href=\"https:\/\/www.mundorf.com\/userdata\/filegallery\/original\/54_mundorf_proaudio_catalog_2014.pdf\">Here you&#8217;ll find the proAMT tweeter catalog 2014<\/a><\/p>\n<\/div><div class=\"woocommerce columns-4 \"><\/div><\/div><\/div><\/div><\/div>\n","protected":false},"excerpt":{"rendered":"","protected":false},"author":1,"featured_media":0,"parent":0,"menu_order":0,"comment_status":"closed","ping_status":"closed","template":"","meta":{"_mi_skip_tracking":false,"_monsterinsights_sitenote_active":false,"_monsterinsights_sitenote_note":"","_monsterinsights_sitenote_category":0,"footnotes":""},"class_list":["post-521","page","type-page","status-publish","hentry"],"yoast_head":"<!-- This site is optimized with the Yoast SEO plugin v20.12 - https:\/\/yoast.com\/wordpress\/plugins\/seo\/ -->\n<title>PROAMT &ndash; FPS AUDIO Zvolen<\/title>\n<meta name=\"robots\" content=\"index, follow, max-snippet:-1, max-image-preview:large, max-video-preview:-1\" \/>\n<link rel=\"canonical\" href=\"https:\/\/www.fpsaudio.sk\/?page_id=521\" \/>\n<meta property=\"og:locale\" content=\"sk_SK\" \/>\n<meta property=\"og:type\" content=\"article\" \/>\n<meta property=\"og:title\" content=\"PROAMT &ndash; FPS AUDIO Zvolen\" \/>\n<meta property=\"og:url\" content=\"https:\/\/www.fpsaudio.sk\/?page_id=521\" \/>\n<meta property=\"og:site_name\" content=\"FPS AUDIO Zvolen\" \/>\n<meta property=\"article:modified_time\" content=\"2021-05-05T13:33:26+00:00\" \/>\n<meta name=\"twitter:card\" content=\"summary_large_image\" \/>\n<meta name=\"twitter:label1\" content=\"Predpokladan\u00fd \u010das \u010d\u00edtania\" \/>\n\t<meta name=\"twitter:data1\" content=\"4 min\u00faty\" \/>\n<script type=\"application\/ld+json\" class=\"yoast-schema-graph\">{\"@context\":\"https:\/\/schema.org\",\"@graph\":[{\"@type\":\"WebPage\",\"@id\":\"https:\/\/www.fpsaudio.sk\/?page_id=521\",\"url\":\"https:\/\/www.fpsaudio.sk\/?page_id=521\",\"name\":\"PROAMT &ndash; FPS AUDIO Zvolen\",\"isPartOf\":{\"@id\":\"https:\/\/www.fpsaudio.sk\/#website\"},\"datePublished\":\"2021-05-05T13:32:18+00:00\",\"dateModified\":\"2021-05-05T13:33:26+00:00\",\"breadcrumb\":{\"@id\":\"https:\/\/www.fpsaudio.sk\/?page_id=521#breadcrumb\"},\"inLanguage\":\"sk-SK\",\"potentialAction\":[{\"@type\":\"ReadAction\",\"target\":[\"https:\/\/www.fpsaudio.sk\/?page_id=521\"]}]},{\"@type\":\"BreadcrumbList\",\"@id\":\"https:\/\/www.fpsaudio.sk\/?page_id=521#breadcrumb\",\"itemListElement\":[{\"@type\":\"ListItem\",\"position\":1,\"name\":\"Domovsk\u00e1 str\u00e1nka\",\"item\":\"https:\/\/www.fpsaudio.sk\/\"},{\"@type\":\"ListItem\",\"position\":2,\"name\":\"PROAMT\"}]},{\"@type\":\"WebSite\",\"@id\":\"https:\/\/www.fpsaudio.sk\/#website\",\"url\":\"https:\/\/www.fpsaudio.sk\/\",\"name\":\"FPS AUDIO Zvolen\",\"description\":\"High quality audio-components\",\"publisher\":{\"@id\":\"https:\/\/www.fpsaudio.sk\/#organization\"},\"potentialAction\":[{\"@type\":\"SearchAction\",\"target\":{\"@type\":\"EntryPoint\",\"urlTemplate\":\"https:\/\/www.fpsaudio.sk\/?s={search_term_string}\"},\"query-input\":\"required name=search_term_string\"}],\"inLanguage\":\"sk-SK\"},{\"@type\":\"Organization\",\"@id\":\"https:\/\/www.fpsaudio.sk\/#organization\",\"name\":\"FPS audio\",\"url\":\"https:\/\/www.fpsaudio.sk\/\",\"logo\":{\"@type\":\"ImageObject\",\"inLanguage\":\"sk-SK\",\"@id\":\"https:\/\/www.fpsaudio.sk\/#\/schema\/logo\/image\/\",\"url\":\"https:\/\/www.fpsaudio.sk\/wp-content\/uploads\/2021\/05\/fps_logo_retina.png\",\"contentUrl\":\"https:\/\/www.fpsaudio.sk\/wp-content\/uploads\/2021\/05\/fps_logo_retina.png\",\"width\":296,\"height\":200,\"caption\":\"FPS audio\"},\"image\":{\"@id\":\"https:\/\/www.fpsaudio.sk\/#\/schema\/logo\/image\/\"}}]}<\/script>\n<!-- \/ Yoast SEO plugin. -->","yoast_head_json":{"title":"PROAMT &ndash; FPS AUDIO Zvolen","robots":{"index":"index","follow":"follow","max-snippet":"max-snippet:-1","max-image-preview":"max-image-preview:large","max-video-preview":"max-video-preview:-1"},"canonical":"https:\/\/www.fpsaudio.sk\/?page_id=521","og_locale":"sk_SK","og_type":"article","og_title":"PROAMT &ndash; FPS AUDIO Zvolen","og_url":"https:\/\/www.fpsaudio.sk\/?page_id=521","og_site_name":"FPS AUDIO Zvolen","article_modified_time":"2021-05-05T13:33:26+00:00","twitter_card":"summary_large_image","twitter_misc":{"Predpokladan\u00fd \u010das \u010d\u00edtania":"4 min\u00faty"},"schema":{"@context":"https:\/\/schema.org","@graph":[{"@type":"WebPage","@id":"https:\/\/www.fpsaudio.sk\/?page_id=521","url":"https:\/\/www.fpsaudio.sk\/?page_id=521","name":"PROAMT &ndash; FPS AUDIO Zvolen","isPartOf":{"@id":"https:\/\/www.fpsaudio.sk\/#website"},"datePublished":"2021-05-05T13:32:18+00:00","dateModified":"2021-05-05T13:33:26+00:00","breadcrumb":{"@id":"https:\/\/www.fpsaudio.sk\/?page_id=521#breadcrumb"},"inLanguage":"sk-SK","potentialAction":[{"@type":"ReadAction","target":["https:\/\/www.fpsaudio.sk\/?page_id=521"]}]},{"@type":"BreadcrumbList","@id":"https:\/\/www.fpsaudio.sk\/?page_id=521#breadcrumb","itemListElement":[{"@type":"ListItem","position":1,"name":"Domovsk\u00e1 str\u00e1nka","item":"https:\/\/www.fpsaudio.sk\/"},{"@type":"ListItem","position":2,"name":"PROAMT"}]},{"@type":"WebSite","@id":"https:\/\/www.fpsaudio.sk\/#website","url":"https:\/\/www.fpsaudio.sk\/","name":"FPS AUDIO Zvolen","description":"High quality audio-components","publisher":{"@id":"https:\/\/www.fpsaudio.sk\/#organization"},"potentialAction":[{"@type":"SearchAction","target":{"@type":"EntryPoint","urlTemplate":"https:\/\/www.fpsaudio.sk\/?s={search_term_string}"},"query-input":"required name=search_term_string"}],"inLanguage":"sk-SK"},{"@type":"Organization","@id":"https:\/\/www.fpsaudio.sk\/#organization","name":"FPS audio","url":"https:\/\/www.fpsaudio.sk\/","logo":{"@type":"ImageObject","inLanguage":"sk-SK","@id":"https:\/\/www.fpsaudio.sk\/#\/schema\/logo\/image\/","url":"https:\/\/www.fpsaudio.sk\/wp-content\/uploads\/2021\/05\/fps_logo_retina.png","contentUrl":"https:\/\/www.fpsaudio.sk\/wp-content\/uploads\/2021\/05\/fps_logo_retina.png","width":296,"height":200,"caption":"FPS audio"},"image":{"@id":"https:\/\/www.fpsaudio.sk\/#\/schema\/logo\/image\/"}}]}},"_links":{"self":[{"href":"https:\/\/www.fpsaudio.sk\/index.php?rest_route=\/wp\/v2\/pages\/521","targetHints":{"allow":["GET"]}}],"collection":[{"href":"https:\/\/www.fpsaudio.sk\/index.php?rest_route=\/wp\/v2\/pages"}],"about":[{"href":"https:\/\/www.fpsaudio.sk\/index.php?rest_route=\/wp\/v2\/types\/page"}],"author":[{"embeddable":true,"href":"https:\/\/www.fpsaudio.sk\/index.php?rest_route=\/wp\/v2\/users\/1"}],"replies":[{"embeddable":true,"href":"https:\/\/www.fpsaudio.sk\/index.php?rest_route=%2Fwp%2Fv2%2Fcomments&post=521"}],"version-history":[{"count":2,"href":"https:\/\/www.fpsaudio.sk\/index.php?rest_route=\/wp\/v2\/pages\/521\/revisions"}],"predecessor-version":[{"id":523,"href":"https:\/\/www.fpsaudio.sk\/index.php?rest_route=\/wp\/v2\/pages\/521\/revisions\/523"}],"wp:attachment":[{"href":"https:\/\/www.fpsaudio.sk\/index.php?rest_route=%2Fwp%2Fv2%2Fmedia&parent=521"}],"curies":[{"name":"wp","href":"https:\/\/api.w.org\/{rel}","templated":true}]}}