{"id":653,"date":"2021-05-11T12:29:35","date_gmt":"2021-05-11T10:29:35","guid":{"rendered":"https:\/\/www.fpsaudio.sk\/?page_id=653"},"modified":"2021-05-11T12:34:25","modified_gmt":"2021-05-11T10:34:25","slug":"cables","status":"publish","type":"page","link":"https:\/\/www.fpsaudio.sk\/?page_id=653","title":{"rendered":"CABLES"},"content":{"rendered":"<p><div class=\"fusion-fullwidth fullwidth-box fusion-builder-row-1 fusion-flex-container nonhundred-percent-fullwidth non-hundred-percent-height-scrolling fusion-sticky-container\" style=\"--awb-border-radius-top-left:0px;--awb-border-radius-top-right:0px;--awb-border-radius-bottom-right:0px;--awb-border-radius-bottom-left:0px;--awb-margin-top:-80px;--awb-sticky-background-color:#ffffff !important;--awb-flex-wrap:wrap;\" data-transition-offset=\"0\" data-scroll-offset=\"30\" data-sticky-small-visibility=\"1\" data-sticky-medium-visibility=\"1\" data-sticky-large-visibility=\"1\" ><div class=\"fusion-builder-row fusion-row fusion-flex-align-items-flex-start fusion-flex-content-wrap\" style=\"max-width:1248px;margin-left: calc(-4% \/ 2 );margin-right: calc(-4% \/ 2 );\"><div class=\"fusion-layout-column fusion_builder_column fusion-builder-column-0 fusion_builder_column_1_1 1_1 fusion-flex-column\" style=\"--awb-bg-size:cover;--awb-width-large:100%;--awb-margin-top-large:0px;--awb-spacing-right-large:1.92%;--awb-margin-bottom-large:20px;--awb-spacing-left-large:1.92%;--awb-width-medium:100%;--awb-order-medium:0;--awb-spacing-right-medium:1.92%;--awb-spacing-left-medium:1.92%;--awb-width-small:100%;--awb-order-small:0;--awb-spacing-right-small:1.92%;--awb-spacing-left-small:1.92%;\"><div class=\"fusion-column-wrapper fusion-column-has-shadow fusion-flex-justify-content-flex-start fusion-content-layout-column\"><div class=\"fusion-title title fusion-title-1 fusion-sep-none fusion-title-text fusion-title-size-one\"><h1 class=\"fusion-title-heading title-heading-left\" style=\"margin:0;\"><h4>CABLES<\/h4><\/h1><\/div><div class=\"fusion-separator fusion-full-width-sep\" style=\"align-self: center;margin-left: auto;margin-right: auto;margin-bottom:30px;width:100%;\"><\/div><\/div><\/div><\/div><\/div><div class=\"fusion-fullwidth fullwidth-box fusion-builder-row-2 fusion-flex-container nonhundred-percent-fullwidth non-hundred-percent-height-scrolling fusion-custom-z-index\" style=\"--awb-border-radius-top-left:0px;--awb-border-radius-top-right:0px;--awb-border-radius-bottom-right:0px;--awb-border-radius-bottom-left:0px;--awb-z-index:1000;--awb-flex-wrap:wrap;\" ><div class=\"fusion-builder-row fusion-row fusion-flex-align-items-flex-start fusion-flex-content-wrap\" style=\"max-width:1248px;margin-left: calc(-4% \/ 2 );margin-right: calc(-4% \/ 2 );\"><div class=\"fusion-layout-column fusion_builder_column fusion-builder-column-1 fusion_builder_column_1_1 1_1 fusion-flex-column\" style=\"--awb-bg-size:cover;--awb-width-large:100%;--awb-margin-top-large:0px;--awb-spacing-right-large:1.92%;--awb-margin-bottom-large:20px;--awb-spacing-left-large:1.92%;--awb-width-medium:100%;--awb-order-medium:0;--awb-spacing-right-medium:1.92%;--awb-spacing-left-medium:1.92%;--awb-width-small:100%;--awb-order-small:0;--awb-spacing-right-small:1.92%;--awb-spacing-left-small:1.92%;\"><div class=\"fusion-column-wrapper fusion-column-has-shadow fusion-flex-justify-content-flex-start fusion-content-layout-column\"><div class=\"fusion-text fusion-text-1\"><\/div><div class=\"woocommerce columns-4 \"><ul class=\"products clearfix products-4\">\n<li class=\"product type-product post-2079 status-publish first instock product_cat-mconnect-bpg-banana-plugs has-post-thumbnail taxable shipping-taxable purchasable product-type-simple product-grid-view\">\n\t<div class=\"fusion-product-wrapper\">\n<a href=\"https:\/\/www.fpsaudio.sk\/?product=mconnect-banana-plug\" class=\"product-images\" aria-label=\"MCONNECT BANANA PLUG\">\n\n<div class=\"featured-image\">\n\t\t<img decoding=\"async\" width=\"200\" height=\"200\" src=\"https:\/\/www.fpsaudio.sk\/wp-content\/uploads\/2021\/05\/125_mconbpg.cu_-200x200.jpg\" class=\"attachment-woocommerce_thumbnail size-woocommerce_thumbnail wp-post-image\" alt=\"MCONNECT BANANA PLUG\" srcset=\"https:\/\/www.fpsaudio.sk\/wp-content\/uploads\/2021\/05\/125_mconbpg.cu_-66x66.jpg 66w, https:\/\/www.fpsaudio.sk\/wp-content\/uploads\/2021\/05\/125_mconbpg.cu_-150x150.jpg 150w, https:\/\/www.fpsaudio.sk\/wp-content\/uploads\/2021\/05\/125_mconbpg.cu_-200x200.jpg 200w, https:\/\/www.fpsaudio.sk\/wp-content\/uploads\/2021\/05\/125_mconbpg.cu_-300x300.jpg 300w, https:\/\/www.fpsaudio.sk\/wp-content\/uploads\/2021\/05\/125_mconbpg.cu_-400x400.jpg 400w, https:\/\/www.fpsaudio.sk\/wp-content\/uploads\/2021\/05\/125_mconbpg.cu_-600x600.jpg 600w, https:\/\/www.fpsaudio.sk\/wp-content\/uploads\/2021\/05\/125_mconbpg.cu_-768x768.jpg 768w, https:\/\/www.fpsaudio.sk\/wp-content\/uploads\/2021\/05\/125_mconbpg.cu_-800x800.jpg 800w, https:\/\/www.fpsaudio.sk\/wp-content\/uploads\/2021\/05\/125_mconbpg.cu_-1024x1024.jpg 1024w, https:\/\/www.fpsaudio.sk\/wp-content\/uploads\/2021\/05\/125_mconbpg.cu_.jpg 1200w\" sizes=\"(max-width: 200px) 100vw, 200px\" \/>\n\t\t\t\t\t\t<div class=\"cart-loading\"><i class=\"awb-icon-spinner\" aria-hidden=\"true\"><\/i><\/div>\n\t\t\t<\/div>\n<\/a>\n<div class=\"fusion-product-content\">\n\t<div class=\"product-details\">\n\t\t<div class=\"product-details-container\">\n<h3 class=\"product-title\">\n\t<a href=\"https:\/\/www.fpsaudio.sk\/?product=mconnect-banana-plug\">\n\t\tMCONNECT BANANA PLUG\t<\/a>\n<\/h3>\n<div class=\"fusion-price-rating\">\n\n\t<span class=\"price\"><span class=\"woocs_price_code\" data-currency=\"\" data-redraw-id=\"69ecc2f7a237d\"  data-product-id=\"2079\"><span class=\"woocommerce-Price-amount amount\"><bdi><span class=\"woocommerce-Price-currencySymbol\">&euro;<\/span>&nbsp;11,90<\/bdi><\/span><\/span><\/span>\n\t\t<\/div>\n\t<\/div>\n<\/div>\n\n\n\t<div class=\"product-buttons\">\n\t\t<div class=\"fusion-content-sep sep-double sep-solid\"><\/div>\n\t\t<div class=\"product-buttons-container clearfix\">\n<a href=\"?add-to-cart=2079\" data-quantity=\"1\" class=\"button product_type_simple add_to_cart_button ajax_add_to_cart\" data-product_id=\"2079\" data-product_sku=\"MCONBPG.CU\" aria-label=\"Add &ldquo;MCONNECT BANANA PLUG&rdquo; to your cart\" rel=\"nofollow\">Add to cart<\/a>\n<a href=\"https:\/\/www.fpsaudio.sk\/?product=mconnect-banana-plug\" class=\"show_details_button\">\n\tDetaily<\/a>\n\n\n\t<\/div>\n\t<\/div>\n\n\t<\/div> <\/div>\n<\/li>\n<li class=\"product type-product post-2078 status-publish instock product_cat-mconnect-sgw-silvergold-wires has-post-thumbnail taxable shipping-taxable purchasable product-type-simple product-grid-view\">\n\t<div class=\"fusion-product-wrapper\">\n<a href=\"https:\/\/www.fpsaudio.sk\/?product=silvergold-wire-2x-0-50mm\" class=\"product-images\" aria-label=\"SILVERGOLD.WIRE 2X 0.50MM\">\n\n<div class=\"featured-image\">\n\t\t<img decoding=\"async\" width=\"200\" height=\"200\" src=\"https:\/\/www.fpsaudio.sk\/wp-content\/uploads\/2021\/05\/MConnect_SGW-200x200.jpg\" class=\"attachment-woocommerce_thumbnail size-woocommerce_thumbnail wp-post-image\" alt=\"SILVERGOLD.WIRE 2X 0.50MM\" srcset=\"https:\/\/www.fpsaudio.sk\/wp-content\/uploads\/2021\/05\/MConnect_SGW-66x66.jpg 66w, https:\/\/www.fpsaudio.sk\/wp-content\/uploads\/2021\/05\/MConnect_SGW-150x150.jpg 150w, https:\/\/www.fpsaudio.sk\/wp-content\/uploads\/2021\/05\/MConnect_SGW-200x200.jpg 200w\" sizes=\"(max-width: 200px) 100vw, 200px\" \/>\n\t\t\t\t\t\t<div class=\"cart-loading\"><i class=\"awb-icon-spinner\" aria-hidden=\"true\"><\/i><\/div>\n\t\t\t<\/div>\n<\/a>\n<div class=\"fusion-product-content\">\n\t<div class=\"product-details\">\n\t\t<div class=\"product-details-container\">\n<h3 class=\"product-title\">\n\t<a href=\"https:\/\/www.fpsaudio.sk\/?product=silvergold-wire-2x-0-50mm\">\n\t\tSILVERGOLD.WIRE 2X 0.50MM\t<\/a>\n<\/h3>\n<div class=\"fusion-price-rating\">\n\n\t<span class=\"price\"><span class=\"woocs_price_code\" data-currency=\"\" data-redraw-id=\"69ecc2f7a3d7c\"  data-product-id=\"2078\"><span class=\"woocommerce-Price-amount amount\"><bdi><span class=\"woocommerce-Price-currencySymbol\">&euro;<\/span>&nbsp;21,28<\/bdi><\/span><\/span><\/span>\n\t\t<\/div>\n\t<\/div>\n<\/div>\n\n\n\t<div class=\"product-buttons\">\n\t\t<div class=\"fusion-content-sep sep-double sep-solid\"><\/div>\n\t\t<div class=\"product-buttons-container clearfix\">\n<a href=\"?add-to-cart=2078\" data-quantity=\"1\" class=\"button product_type_simple add_to_cart_button ajax_add_to_cart\" data-product_id=\"2078\" data-product_sku=\"SGW205WH\/YE\" aria-label=\"Add &ldquo;SILVERGOLD.WIRE 2X 0.50MM&rdquo; to your cart\" rel=\"nofollow\">Add to cart<\/a>\n<a href=\"https:\/\/www.fpsaudio.sk\/?product=silvergold-wire-2x-0-50mm\" class=\"show_details_button\">\n\tDetaily<\/a>\n\n\n\t<\/div>\n\t<\/div>\n\n\t<\/div> <\/div>\n<\/li>\n<li class=\"product type-product post-2077 status-publish instock product_cat-mconnect-cuw-copper-wires has-post-thumbnail taxable shipping-taxable purchasable product-type-simple product-grid-view\">\n\t<div class=\"fusion-product-wrapper\">\n<a href=\"https:\/\/www.fpsaudio.sk\/?product=copper-wire-218mm\" class=\"product-images\" aria-label=\"COPPER WIRE 2*1,8MM\">\n\n<div class=\"featured-image\">\n\t\t<img decoding=\"async\" width=\"200\" height=\"200\" src=\"https:\/\/www.fpsaudio.sk\/wp-content\/uploads\/2021\/05\/111__dsc0881-200x200.jpg\" class=\"attachment-woocommerce_thumbnail size-woocommerce_thumbnail wp-post-image\" alt=\"COPPER WIRE 2*1,8MM\" srcset=\"https:\/\/www.fpsaudio.sk\/wp-content\/uploads\/2021\/05\/111__dsc0881-66x66.jpg 66w, https:\/\/www.fpsaudio.sk\/wp-content\/uploads\/2021\/05\/111__dsc0881-150x150.jpg 150w, https:\/\/www.fpsaudio.sk\/wp-content\/uploads\/2021\/05\/111__dsc0881-200x200.jpg 200w, https:\/\/www.fpsaudio.sk\/wp-content\/uploads\/2021\/05\/111__dsc0881-300x300.jpg 300w, https:\/\/www.fpsaudio.sk\/wp-content\/uploads\/2021\/05\/111__dsc0881-400x400.jpg 400w, https:\/\/www.fpsaudio.sk\/wp-content\/uploads\/2021\/05\/111__dsc0881-600x600.jpg 600w, https:\/\/www.fpsaudio.sk\/wp-content\/uploads\/2021\/05\/111__dsc0881-768x768.jpg 768w, https:\/\/www.fpsaudio.sk\/wp-content\/uploads\/2021\/05\/111__dsc0881-800x800.jpg 800w, https:\/\/www.fpsaudio.sk\/wp-content\/uploads\/2021\/05\/111__dsc0881-1024x1024.jpg 1024w, https:\/\/www.fpsaudio.sk\/wp-content\/uploads\/2021\/05\/111__dsc0881.jpg 1200w\" sizes=\"(max-width: 200px) 100vw, 200px\" \/>\n\t\t\t\t\t\t<div class=\"cart-loading\"><i class=\"awb-icon-spinner\" aria-hidden=\"true\"><\/i><\/div>\n\t\t\t<\/div>\n<\/a>\n<div class=\"fusion-product-content\">\n\t<div class=\"product-details\">\n\t\t<div class=\"product-details-container\">\n<h3 class=\"product-title\">\n\t<a href=\"https:\/\/www.fpsaudio.sk\/?product=copper-wire-218mm\">\n\t\tCOPPER WIRE 2*1,8MM\t<\/a>\n<\/h3>\n<div class=\"fusion-price-rating\">\n\n\t<span class=\"price\"><span class=\"woocs_price_code\" data-currency=\"\" data-redraw-id=\"69ecc2f7a5354\"  data-product-id=\"2077\"><span class=\"woocommerce-Price-amount amount\"><bdi><span class=\"woocommerce-Price-currencySymbol\">&euro;<\/span>&nbsp;24,90<\/bdi><\/span><\/span> <span class=\"uom\">\/m<\/span><\/span>\n\t\t<\/div>\n\t<\/div>\n<\/div>\n\n\n\t<div class=\"product-buttons\">\n\t\t<div class=\"fusion-content-sep sep-double sep-solid\"><\/div>\n\t\t<div class=\"product-buttons-container clearfix\">\n<a href=\"?add-to-cart=2077\" data-quantity=\"1\" class=\"button product_type_simple add_to_cart_button ajax_add_to_cart\" data-product_id=\"2077\" data-product_sku=\"CUW215GY\/OG\" aria-label=\"Add &ldquo;COPPER WIRE 2*1,8MM&rdquo; to your cart\" rel=\"nofollow\">Add to cart<\/a>\n<a href=\"https:\/\/www.fpsaudio.sk\/?product=copper-wire-218mm\" class=\"show_details_button\">\n\tDetaily<\/a>\n\n\n\t<\/div>\n\t<\/div>\n\n\t<\/div> <\/div>\n<\/li>\n<li class=\"product type-product post-2076 status-publish last instock product_cat-mconnect-cuw-copper-wires has-post-thumbnail taxable shipping-taxable purchasable product-type-simple product-grid-view\">\n\t<div class=\"fusion-product-wrapper\">\n<a href=\"https:\/\/www.fpsaudio.sk\/?product=copper-wire-20-8mm\" class=\"product-images\" aria-label=\"COPPER WIRE 2*0.8MM\">\n\n<div class=\"featured-image\">\n\t\t<img decoding=\"async\" width=\"200\" height=\"200\" src=\"https:\/\/www.fpsaudio.sk\/wp-content\/uploads\/2021\/05\/110__dsc0882-200x200.jpg\" class=\"attachment-woocommerce_thumbnail size-woocommerce_thumbnail wp-post-image\" alt=\"COPPER WIRE 2*0.8MM\" srcset=\"https:\/\/www.fpsaudio.sk\/wp-content\/uploads\/2021\/05\/110__dsc0882-66x66.jpg 66w, https:\/\/www.fpsaudio.sk\/wp-content\/uploads\/2021\/05\/110__dsc0882-150x150.jpg 150w, https:\/\/www.fpsaudio.sk\/wp-content\/uploads\/2021\/05\/110__dsc0882-200x200.jpg 200w, https:\/\/www.fpsaudio.sk\/wp-content\/uploads\/2021\/05\/110__dsc0882-300x300.jpg 300w, https:\/\/www.fpsaudio.sk\/wp-content\/uploads\/2021\/05\/110__dsc0882-400x400.jpg 400w, https:\/\/www.fpsaudio.sk\/wp-content\/uploads\/2021\/05\/110__dsc0882-600x600.jpg 600w, https:\/\/www.fpsaudio.sk\/wp-content\/uploads\/2021\/05\/110__dsc0882-768x768.jpg 768w, https:\/\/www.fpsaudio.sk\/wp-content\/uploads\/2021\/05\/110__dsc0882-800x800.jpg 800w, https:\/\/www.fpsaudio.sk\/wp-content\/uploads\/2021\/05\/110__dsc0882-1024x1024.jpg 1024w, https:\/\/www.fpsaudio.sk\/wp-content\/uploads\/2021\/05\/110__dsc0882.jpg 1200w\" sizes=\"(max-width: 200px) 100vw, 200px\" \/>\n\t\t\t\t\t\t<div class=\"cart-loading\"><i class=\"awb-icon-spinner\" aria-hidden=\"true\"><\/i><\/div>\n\t\t\t<\/div>\n<\/a>\n<div class=\"fusion-product-content\">\n\t<div class=\"product-details\">\n\t\t<div class=\"product-details-container\">\n<h3 class=\"product-title\">\n\t<a href=\"https:\/\/www.fpsaudio.sk\/?product=copper-wire-20-8mm\">\n\t\tCOPPER WIRE 2*0.8MM\t<\/a>\n<\/h3>\n<div class=\"fusion-price-rating\">\n\n\t<span class=\"price\"><span class=\"woocs_price_code\" data-currency=\"\" data-redraw-id=\"69ecc2f7a6c11\"  data-product-id=\"2076\"><span class=\"woocommerce-Price-amount amount\"><bdi><span class=\"woocommerce-Price-currencySymbol\">&euro;<\/span>&nbsp;19,90<\/bdi><\/span><\/span><\/span>\n\t\t<\/div>\n\t<\/div>\n<\/div>\n\n\n\t<div class=\"product-buttons\">\n\t\t<div class=\"fusion-content-sep sep-double sep-solid\"><\/div>\n\t\t<div class=\"product-buttons-container clearfix\">\n<a href=\"?add-to-cart=2076\" data-quantity=\"1\" class=\"button product_type_simple add_to_cart_button ajax_add_to_cart\" data-product_id=\"2076\" data-product_sku=\"CUW210GY\/OG\" aria-label=\"Add &ldquo;COPPER WIRE 2*0.8MM&rdquo; to your cart\" rel=\"nofollow\">Add to cart<\/a>\n<a href=\"https:\/\/www.fpsaudio.sk\/?product=copper-wire-20-8mm\" class=\"show_details_button\">\n\tDetaily<\/a>\n\n\n\t<\/div>\n\t<\/div>\n\n\t<\/div> <\/div>\n<\/li>\n<li class=\"product type-product post-2075 status-publish first instock product_cat-mconnect-cuw-copper-wires has-post-thumbnail taxable shipping-taxable purchasable product-type-simple product-grid-view\">\n\t<div class=\"fusion-product-wrapper\">\n<a href=\"https:\/\/www.fpsaudio.sk\/?product=copper-wire-231mm\" class=\"product-images\" aria-label=\"COPPER WIRE 2*3,1MM\">\n\n<div class=\"featured-image\">\n\t\t<img decoding=\"async\" width=\"200\" height=\"200\" src=\"https:\/\/www.fpsaudio.sk\/wp-content\/uploads\/2021\/05\/113__dsc0876-200x200.jpg\" class=\"attachment-woocommerce_thumbnail size-woocommerce_thumbnail wp-post-image\" alt=\"COPPER WIRE 2*3,1MM\" srcset=\"https:\/\/www.fpsaudio.sk\/wp-content\/uploads\/2021\/05\/113__dsc0876-66x66.jpg 66w, https:\/\/www.fpsaudio.sk\/wp-content\/uploads\/2021\/05\/113__dsc0876-150x150.jpg 150w, https:\/\/www.fpsaudio.sk\/wp-content\/uploads\/2021\/05\/113__dsc0876-200x200.jpg 200w, https:\/\/www.fpsaudio.sk\/wp-content\/uploads\/2021\/05\/113__dsc0876-300x300.jpg 300w, https:\/\/www.fpsaudio.sk\/wp-content\/uploads\/2021\/05\/113__dsc0876-400x400.jpg 400w, https:\/\/www.fpsaudio.sk\/wp-content\/uploads\/2021\/05\/113__dsc0876-600x600.jpg 600w, https:\/\/www.fpsaudio.sk\/wp-content\/uploads\/2021\/05\/113__dsc0876-768x768.jpg 768w, https:\/\/www.fpsaudio.sk\/wp-content\/uploads\/2021\/05\/113__dsc0876-800x800.jpg 800w, https:\/\/www.fpsaudio.sk\/wp-content\/uploads\/2021\/05\/113__dsc0876-1024x1024.jpg 1024w, https:\/\/www.fpsaudio.sk\/wp-content\/uploads\/2021\/05\/113__dsc0876.jpg 1200w\" sizes=\"(max-width: 200px) 100vw, 200px\" \/>\n\t\t\t\t\t\t<div class=\"cart-loading\"><i class=\"awb-icon-spinner\" aria-hidden=\"true\"><\/i><\/div>\n\t\t\t<\/div>\n<\/a>\n<div class=\"fusion-product-content\">\n\t<div class=\"product-details\">\n\t\t<div class=\"product-details-container\">\n<h3 class=\"product-title\">\n\t<a href=\"https:\/\/www.fpsaudio.sk\/?product=copper-wire-231mm\">\n\t\tCOPPER WIRE 2*3,1MM\t<\/a>\n<\/h3>\n<div class=\"fusion-price-rating\">\n\n\t<span class=\"price\"><span class=\"woocs_price_code\" data-currency=\"\" data-redraw-id=\"69ecc2f7a88c6\"  data-product-id=\"2075\"><span class=\"woocommerce-Price-amount amount\"><bdi><span class=\"woocommerce-Price-currencySymbol\">&euro;<\/span>&nbsp;29,90<\/bdi><\/span><\/span><\/span>\n\t\t<\/div>\n\t<\/div>\n<\/div>\n\n\n\t<div class=\"product-buttons\">\n\t\t<div class=\"fusion-content-sep sep-double sep-solid\"><\/div>\n\t\t<div class=\"product-buttons-container clearfix\">\n<a href=\"?add-to-cart=2075\" data-quantity=\"1\" class=\"button product_type_simple add_to_cart_button ajax_add_to_cart\" data-product_id=\"2075\" data-product_sku=\"CUW220GY\/OG\" aria-label=\"Add &ldquo;COPPER WIRE 2*3,1MM&rdquo; to your cart\" rel=\"nofollow\">Add to cart<\/a>\n<a href=\"https:\/\/www.fpsaudio.sk\/?product=copper-wire-231mm\" class=\"show_details_button\">\n\tDetaily<\/a>\n\n\n\t<\/div>\n\t<\/div>\n\n\t<\/div> <\/div>\n<\/li>\n<li class=\"product type-product post-2074 status-publish instock product_cat-mconnect-cuw-copper-wires has-post-thumbnail taxable shipping-taxable purchasable product-type-simple product-grid-view\">\n\t<div class=\"fusion-product-wrapper\">\n<a href=\"https:\/\/www.fpsaudio.sk\/?product=copper-wire-618mm\" class=\"product-images\" aria-label=\"COPPER WIRE, 6*1,8MM\">\n\n<div class=\"featured-image\">\n\t\t<img decoding=\"async\" width=\"200\" height=\"200\" src=\"https:\/\/www.fpsaudio.sk\/wp-content\/uploads\/2021\/05\/112__dsc0870-200x200.jpg\" class=\"attachment-woocommerce_thumbnail size-woocommerce_thumbnail wp-post-image\" alt=\"COPPER WIRE, 6*1,8MM\" srcset=\"https:\/\/www.fpsaudio.sk\/wp-content\/uploads\/2021\/05\/112__dsc0870-66x66.jpg 66w, https:\/\/www.fpsaudio.sk\/wp-content\/uploads\/2021\/05\/112__dsc0870-150x150.jpg 150w, https:\/\/www.fpsaudio.sk\/wp-content\/uploads\/2021\/05\/112__dsc0870-200x200.jpg 200w, https:\/\/www.fpsaudio.sk\/wp-content\/uploads\/2021\/05\/112__dsc0870-300x300.jpg 300w, https:\/\/www.fpsaudio.sk\/wp-content\/uploads\/2021\/05\/112__dsc0870-400x400.jpg 400w, https:\/\/www.fpsaudio.sk\/wp-content\/uploads\/2021\/05\/112__dsc0870-600x600.jpg 600w, https:\/\/www.fpsaudio.sk\/wp-content\/uploads\/2021\/05\/112__dsc0870-768x768.jpg 768w, https:\/\/www.fpsaudio.sk\/wp-content\/uploads\/2021\/05\/112__dsc0870-800x800.jpg 800w, https:\/\/www.fpsaudio.sk\/wp-content\/uploads\/2021\/05\/112__dsc0870-1024x1024.jpg 1024w, https:\/\/www.fpsaudio.sk\/wp-content\/uploads\/2021\/05\/112__dsc0870.jpg 1200w\" sizes=\"(max-width: 200px) 100vw, 200px\" \/>\n\t\t\t\t\t\t<div class=\"cart-loading\"><i class=\"awb-icon-spinner\" aria-hidden=\"true\"><\/i><\/div>\n\t\t\t<\/div>\n<\/a>\n<div class=\"fusion-product-content\">\n\t<div class=\"product-details\">\n\t\t<div class=\"product-details-container\">\n<h3 class=\"product-title\">\n\t<a href=\"https:\/\/www.fpsaudio.sk\/?product=copper-wire-618mm\">\n\t\tCOPPER WIRE, 6*1,8MM\t<\/a>\n<\/h3>\n<div class=\"fusion-price-rating\">\n\n\t<span class=\"price\"><span class=\"woocs_price_code\" data-currency=\"\" data-redraw-id=\"69ecc2f7aae90\"  data-product-id=\"2074\"><span class=\"woocommerce-Price-amount amount\"><bdi><span class=\"woocommerce-Price-currencySymbol\">&euro;<\/span>&nbsp;79,90<\/bdi><\/span><\/span><\/span>\n\t\t<\/div>\n\t<\/div>\n<\/div>\n\n\n\t<div class=\"product-buttons\">\n\t\t<div class=\"fusion-content-sep sep-double sep-solid\"><\/div>\n\t\t<div class=\"product-buttons-container clearfix\">\n<a href=\"?add-to-cart=2074\" data-quantity=\"1\" class=\"button product_type_simple add_to_cart_button ajax_add_to_cart\" data-product_id=\"2074\" data-product_sku=\"CUW615GY\/OG\" aria-label=\"Add &ldquo;COPPER WIRE, 6*1,8MM&rdquo; to your cart\" rel=\"nofollow\">Add to cart<\/a>\n<a href=\"https:\/\/www.fpsaudio.sk\/?product=copper-wire-618mm\" class=\"show_details_button\">\n\tDetaily<\/a>\n\n\n\t<\/div>\n\t<\/div>\n\n\t<\/div> <\/div>\n<\/li>\n<\/ul>\n<\/div><\/div><\/div><\/div><\/div><\/p>\n","protected":false},"excerpt":{"rendered":"","protected":false},"author":1,"featured_media":0,"parent":0,"menu_order":0,"comment_status":"closed","ping_status":"closed","template":"","meta":{"_mi_skip_tracking":false,"_monsterinsights_sitenote_active":false,"_monsterinsights_sitenote_note":"","_monsterinsights_sitenote_category":0,"footnotes":""},"class_list":["post-653","page","type-page","status-publish","hentry"],"yoast_head":"<!-- This site is optimized with the Yoast SEO plugin v20.12 - https:\/\/yoast.com\/wordpress\/plugins\/seo\/ -->\n<title>CABLES &ndash; FPS AUDIO Zvolen<\/title>\n<meta name=\"robots\" content=\"index, follow, max-snippet:-1, max-image-preview:large, max-video-preview:-1\" \/>\n<link rel=\"canonical\" href=\"https:\/\/www.fpsaudio.sk\/?page_id=653\" \/>\n<meta property=\"og:locale\" content=\"sk_SK\" \/>\n<meta property=\"og:type\" content=\"article\" \/>\n<meta property=\"og:title\" content=\"CABLES &ndash; FPS AUDIO Zvolen\" \/>\n<meta property=\"og:url\" content=\"https:\/\/www.fpsaudio.sk\/?page_id=653\" \/>\n<meta property=\"og:site_name\" content=\"FPS AUDIO Zvolen\" \/>\n<meta property=\"article:modified_time\" content=\"2021-05-11T10:34:25+00:00\" \/>\n<meta name=\"twitter:card\" content=\"summary_large_image\" \/>\n<meta name=\"twitter:label1\" content=\"Predpokladan\u00fd \u010das \u010d\u00edtania\" \/>\n\t<meta name=\"twitter:data1\" content=\"7 min\u00fat\" \/>\n<script type=\"application\/ld+json\" class=\"yoast-schema-graph\">{\"@context\":\"https:\/\/schema.org\",\"@graph\":[{\"@type\":\"WebPage\",\"@id\":\"https:\/\/www.fpsaudio.sk\/?page_id=653\",\"url\":\"https:\/\/www.fpsaudio.sk\/?page_id=653\",\"name\":\"CABLES &ndash; FPS AUDIO Zvolen\",\"isPartOf\":{\"@id\":\"https:\/\/www.fpsaudio.sk\/#website\"},\"datePublished\":\"2021-05-11T10:29:35+00:00\",\"dateModified\":\"2021-05-11T10:34:25+00:00\",\"breadcrumb\":{\"@id\":\"https:\/\/www.fpsaudio.sk\/?page_id=653#breadcrumb\"},\"inLanguage\":\"sk-SK\",\"potentialAction\":[{\"@type\":\"ReadAction\",\"target\":[\"https:\/\/www.fpsaudio.sk\/?page_id=653\"]}]},{\"@type\":\"BreadcrumbList\",\"@id\":\"https:\/\/www.fpsaudio.sk\/?page_id=653#breadcrumb\",\"itemListElement\":[{\"@type\":\"ListItem\",\"position\":1,\"name\":\"Domovsk\u00e1 str\u00e1nka\",\"item\":\"https:\/\/www.fpsaudio.sk\/\"},{\"@type\":\"ListItem\",\"position\":2,\"name\":\"CABLES\"}]},{\"@type\":\"WebSite\",\"@id\":\"https:\/\/www.fpsaudio.sk\/#website\",\"url\":\"https:\/\/www.fpsaudio.sk\/\",\"name\":\"FPS AUDIO Zvolen\",\"description\":\"High quality audio-components\",\"publisher\":{\"@id\":\"https:\/\/www.fpsaudio.sk\/#organization\"},\"potentialAction\":[{\"@type\":\"SearchAction\",\"target\":{\"@type\":\"EntryPoint\",\"urlTemplate\":\"https:\/\/www.fpsaudio.sk\/?s={search_term_string}\"},\"query-input\":\"required name=search_term_string\"}],\"inLanguage\":\"sk-SK\"},{\"@type\":\"Organization\",\"@id\":\"https:\/\/www.fpsaudio.sk\/#organization\",\"name\":\"FPS audio\",\"url\":\"https:\/\/www.fpsaudio.sk\/\",\"logo\":{\"@type\":\"ImageObject\",\"inLanguage\":\"sk-SK\",\"@id\":\"https:\/\/www.fpsaudio.sk\/#\/schema\/logo\/image\/\",\"url\":\"https:\/\/www.fpsaudio.sk\/wp-content\/uploads\/2021\/05\/fps_logo_retina.png\",\"contentUrl\":\"https:\/\/www.fpsaudio.sk\/wp-content\/uploads\/2021\/05\/fps_logo_retina.png\",\"width\":296,\"height\":200,\"caption\":\"FPS audio\"},\"image\":{\"@id\":\"https:\/\/www.fpsaudio.sk\/#\/schema\/logo\/image\/\"}}]}<\/script>\n<!-- \/ Yoast SEO plugin. -->","yoast_head_json":{"title":"CABLES &ndash; FPS AUDIO Zvolen","robots":{"index":"index","follow":"follow","max-snippet":"max-snippet:-1","max-image-preview":"max-image-preview:large","max-video-preview":"max-video-preview:-1"},"canonical":"https:\/\/www.fpsaudio.sk\/?page_id=653","og_locale":"sk_SK","og_type":"article","og_title":"CABLES &ndash; FPS AUDIO Zvolen","og_url":"https:\/\/www.fpsaudio.sk\/?page_id=653","og_site_name":"FPS AUDIO Zvolen","article_modified_time":"2021-05-11T10:34:25+00:00","twitter_card":"summary_large_image","twitter_misc":{"Predpokladan\u00fd \u010das \u010d\u00edtania":"7 min\u00fat"},"schema":{"@context":"https:\/\/schema.org","@graph":[{"@type":"WebPage","@id":"https:\/\/www.fpsaudio.sk\/?page_id=653","url":"https:\/\/www.fpsaudio.sk\/?page_id=653","name":"CABLES &ndash; FPS AUDIO Zvolen","isPartOf":{"@id":"https:\/\/www.fpsaudio.sk\/#website"},"datePublished":"2021-05-11T10:29:35+00:00","dateModified":"2021-05-11T10:34:25+00:00","breadcrumb":{"@id":"https:\/\/www.fpsaudio.sk\/?page_id=653#breadcrumb"},"inLanguage":"sk-SK","potentialAction":[{"@type":"ReadAction","target":["https:\/\/www.fpsaudio.sk\/?page_id=653"]}]},{"@type":"BreadcrumbList","@id":"https:\/\/www.fpsaudio.sk\/?page_id=653#breadcrumb","itemListElement":[{"@type":"ListItem","position":1,"name":"Domovsk\u00e1 str\u00e1nka","item":"https:\/\/www.fpsaudio.sk\/"},{"@type":"ListItem","position":2,"name":"CABLES"}]},{"@type":"WebSite","@id":"https:\/\/www.fpsaudio.sk\/#website","url":"https:\/\/www.fpsaudio.sk\/","name":"FPS AUDIO Zvolen","description":"High quality audio-components","publisher":{"@id":"https:\/\/www.fpsaudio.sk\/#organization"},"potentialAction":[{"@type":"SearchAction","target":{"@type":"EntryPoint","urlTemplate":"https:\/\/www.fpsaudio.sk\/?s={search_term_string}"},"query-input":"required name=search_term_string"}],"inLanguage":"sk-SK"},{"@type":"Organization","@id":"https:\/\/www.fpsaudio.sk\/#organization","name":"FPS audio","url":"https:\/\/www.fpsaudio.sk\/","logo":{"@type":"ImageObject","inLanguage":"sk-SK","@id":"https:\/\/www.fpsaudio.sk\/#\/schema\/logo\/image\/","url":"https:\/\/www.fpsaudio.sk\/wp-content\/uploads\/2021\/05\/fps_logo_retina.png","contentUrl":"https:\/\/www.fpsaudio.sk\/wp-content\/uploads\/2021\/05\/fps_logo_retina.png","width":296,"height":200,"caption":"FPS audio"},"image":{"@id":"https:\/\/www.fpsaudio.sk\/#\/schema\/logo\/image\/"}}]}},"_links":{"self":[{"href":"https:\/\/www.fpsaudio.sk\/index.php?rest_route=\/wp\/v2\/pages\/653","targetHints":{"allow":["GET"]}}],"collection":[{"href":"https:\/\/www.fpsaudio.sk\/index.php?rest_route=\/wp\/v2\/pages"}],"about":[{"href":"https:\/\/www.fpsaudio.sk\/index.php?rest_route=\/wp\/v2\/types\/page"}],"author":[{"embeddable":true,"href":"https:\/\/www.fpsaudio.sk\/index.php?rest_route=\/wp\/v2\/users\/1"}],"replies":[{"embeddable":true,"href":"https:\/\/www.fpsaudio.sk\/index.php?rest_route=%2Fwp%2Fv2%2Fcomments&post=653"}],"version-history":[{"count":1,"href":"https:\/\/www.fpsaudio.sk\/index.php?rest_route=\/wp\/v2\/pages\/653\/revisions"}],"predecessor-version":[{"id":654,"href":"https:\/\/www.fpsaudio.sk\/index.php?rest_route=\/wp\/v2\/pages\/653\/revisions\/654"}],"wp:attachment":[{"href":"https:\/\/www.fpsaudio.sk\/index.php?rest_route=%2Fwp%2Fv2%2Fmedia&parent=653"}],"curies":[{"name":"wp","href":"https:\/\/api.w.org\/{rel}","templated":true}]}}