{"id":741,"date":"2021-05-11T13:45:48","date_gmt":"2021-05-11T11:45:48","guid":{"rendered":"https:\/\/www.fpsaudio.sk\/?page_id=741"},"modified":"2021-05-12T09:20:23","modified_gmt":"2021-05-12T07:20:23","slug":"mcoil-sgfc-%c2%b7-silvergold-foil-pp","status":"publish","type":"page","link":"https:\/\/www.fpsaudio.sk\/?page_id=741","title":{"rendered":"MCOIL SGFC \u00b7 SILVERGOLD FOIL PP"},"content":{"rendered":"<p><div class=\"fusion-fullwidth fullwidth-box fusion-builder-row-1 fusion-flex-container nonhundred-percent-fullwidth non-hundred-percent-height-scrolling fusion-sticky-container\" style=\"--awb-border-radius-top-left:0px;--awb-border-radius-top-right:0px;--awb-border-radius-bottom-right:0px;--awb-border-radius-bottom-left:0px;--awb-margin-top:-60px;--awb-sticky-background-color:#ffffff !important;--awb-flex-wrap:wrap;\" data-transition-offset=\"0\" data-scroll-offset=\"30\" data-sticky-small-visibility=\"1\" data-sticky-medium-visibility=\"1\" data-sticky-large-visibility=\"1\" ><div class=\"fusion-builder-row fusion-row fusion-flex-align-items-flex-start fusion-flex-content-wrap\" style=\"max-width:1248px;margin-left: calc(-4% \/ 2 );margin-right: calc(-4% \/ 2 );\"><div class=\"fusion-layout-column fusion_builder_column fusion-builder-column-0 fusion_builder_column_1_1 1_1 fusion-flex-column\" style=\"--awb-bg-size:cover;--awb-width-large:100%;--awb-margin-top-large:0px;--awb-spacing-right-large:1.92%;--awb-margin-bottom-large:20px;--awb-spacing-left-large:1.92%;--awb-width-medium:100%;--awb-order-medium:0;--awb-spacing-right-medium:1.92%;--awb-spacing-left-medium:1.92%;--awb-width-small:100%;--awb-order-small:0;--awb-spacing-right-small:1.92%;--awb-spacing-left-small:1.92%;\"><div class=\"fusion-column-wrapper fusion-column-has-shadow fusion-flex-justify-content-flex-start fusion-content-layout-column\"><div class=\"fusion-title title fusion-title-1 fusion-sep-none fusion-title-text fusion-title-size-one\"><h1 class=\"fusion-title-heading title-heading-left\" style=\"margin:0;\"><h4>MCOIL SGFC \u00b7 SILVERGOLD FOIL PP<\/h4><\/h1><\/div><div class=\"fusion-text fusion-text-1\"><div class=\"category_description_1\">\n<p>MCoil SFC silverfoil coils have been developed for uncompromising state-of-the-art audio applications focused on absolutely flawless and a holographic 3D-like performance at utmost dynamics providing a considerably increased range of vivid. subtle timbres and precision.<\/p>\n<p>Their acoustic features unite the typical tonal beauty and authenticity of air core coils with the three-dimensional staging of a tightly cemented. microphonic-free reel alongside the outstanding tonal properties of silver foil in terms of multi-faceted and truly &#8218;life-like&#8216; performance of voices and instruments.<\/p>\n<p>MCoil SilverGold-Foil coils<br \/>\nHowever. the exceptional tonal quality of the SFC series can be further enhanced by adding 1% of the purest gold making it the SGFC series then. <strong>Price on request.<\/strong><\/p>\n<\/div>\n<\/div><div class=\"fusion-separator fusion-full-width-sep\" style=\"align-self: center;margin-left: auto;margin-right: auto;margin-bottom:30px;width:100%;\"><\/div><\/div><\/div><\/div><\/div><div class=\"fusion-fullwidth fullwidth-box fusion-builder-row-2 fusion-flex-container nonhundred-percent-fullwidth non-hundred-percent-height-scrolling fusion-custom-z-index\" style=\"--awb-border-radius-top-left:0px;--awb-border-radius-top-right:0px;--awb-border-radius-bottom-right:0px;--awb-border-radius-bottom-left:0px;--awb-z-index:1000;--awb-flex-wrap:wrap;\" ><div class=\"fusion-builder-row fusion-row fusion-flex-align-items-flex-start fusion-flex-content-wrap\" style=\"max-width:1248px;margin-left: calc(-4% \/ 2 );margin-right: calc(-4% \/ 2 );\"><div class=\"fusion-layout-column fusion_builder_column fusion-builder-column-1 fusion_builder_column_1_1 1_1 fusion-flex-column\" style=\"--awb-bg-size:cover;--awb-width-large:100%;--awb-margin-top-large:0px;--awb-spacing-right-large:1.92%;--awb-margin-bottom-large:20px;--awb-spacing-left-large:1.92%;--awb-width-medium:100%;--awb-order-medium:0;--awb-spacing-right-medium:1.92%;--awb-spacing-left-medium:1.92%;--awb-width-small:100%;--awb-order-small:0;--awb-spacing-right-small:1.92%;--awb-spacing-left-small:1.92%;\"><div class=\"fusion-column-wrapper fusion-column-has-shadow fusion-flex-justify-content-flex-start fusion-content-layout-column\"><div class=\"fusion-text fusion-text-2\"><\/div><\/div><\/div><\/div><\/div><\/p>\n","protected":false},"excerpt":{"rendered":"","protected":false},"author":1,"featured_media":0,"parent":714,"menu_order":0,"comment_status":"closed","ping_status":"closed","template":"","meta":{"_mi_skip_tracking":false,"_monsterinsights_sitenote_active":false,"_monsterinsights_sitenote_note":"","_monsterinsights_sitenote_category":0,"footnotes":""},"class_list":["post-741","page","type-page","status-publish","hentry"],"yoast_head":"<!-- This site is optimized with the Yoast SEO plugin v20.12 - https:\/\/yoast.com\/wordpress\/plugins\/seo\/ -->\n<title>MCOIL SGFC \u00b7 SILVERGOLD FOIL PP &ndash; FPS AUDIO Zvolen<\/title>\n<meta name=\"robots\" content=\"index, follow, max-snippet:-1, max-image-preview:large, max-video-preview:-1\" \/>\n<link rel=\"canonical\" href=\"https:\/\/www.fpsaudio.sk\/?page_id=741\" \/>\n<meta property=\"og:locale\" content=\"sk_SK\" \/>\n<meta property=\"og:type\" content=\"article\" \/>\n<meta property=\"og:title\" content=\"MCOIL SGFC \u00b7 SILVERGOLD FOIL PP &ndash; FPS AUDIO Zvolen\" \/>\n<meta property=\"og:url\" content=\"https:\/\/www.fpsaudio.sk\/?page_id=741\" \/>\n<meta property=\"og:site_name\" content=\"FPS AUDIO Zvolen\" \/>\n<meta property=\"article:modified_time\" content=\"2021-05-12T07:20:23+00:00\" \/>\n<meta name=\"twitter:card\" content=\"summary_large_image\" \/>\n<meta name=\"twitter:label1\" content=\"Predpokladan\u00fd \u010das \u010d\u00edtania\" \/>\n\t<meta name=\"twitter:data1\" content=\"8 min\u00fat\" \/>\n<script type=\"application\/ld+json\" class=\"yoast-schema-graph\">{\"@context\":\"https:\/\/schema.org\",\"@graph\":[{\"@type\":\"WebPage\",\"@id\":\"https:\/\/www.fpsaudio.sk\/?page_id=741\",\"url\":\"https:\/\/www.fpsaudio.sk\/?page_id=741\",\"name\":\"MCOIL SGFC \u00b7 SILVERGOLD FOIL PP &ndash; FPS AUDIO Zvolen\",\"isPartOf\":{\"@id\":\"https:\/\/www.fpsaudio.sk\/#website\"},\"datePublished\":\"2021-05-11T11:45:48+00:00\",\"dateModified\":\"2021-05-12T07:20:23+00:00\",\"breadcrumb\":{\"@id\":\"https:\/\/www.fpsaudio.sk\/?page_id=741#breadcrumb\"},\"inLanguage\":\"sk-SK\",\"potentialAction\":[{\"@type\":\"ReadAction\",\"target\":[\"https:\/\/www.fpsaudio.sk\/?page_id=741\"]}]},{\"@type\":\"BreadcrumbList\",\"@id\":\"https:\/\/www.fpsaudio.sk\/?page_id=741#breadcrumb\",\"itemListElement\":[{\"@type\":\"ListItem\",\"position\":1,\"name\":\"Domovsk\u00e1 str\u00e1nka\",\"item\":\"https:\/\/www.fpsaudio.sk\/\"},{\"@type\":\"ListItem\",\"position\":2,\"name\":\"COILS\",\"item\":\"https:\/\/www.fpsaudio.sk\/?page_id=634\"},{\"@type\":\"ListItem\",\"position\":3,\"name\":\"AIR COILS\",\"item\":\"https:\/\/www.fpsaudio.sk\/?page_id=714\"},{\"@type\":\"ListItem\",\"position\":4,\"name\":\"MCOIL SGFC \u00b7 SILVERGOLD FOIL PP\"}]},{\"@type\":\"WebSite\",\"@id\":\"https:\/\/www.fpsaudio.sk\/#website\",\"url\":\"https:\/\/www.fpsaudio.sk\/\",\"name\":\"FPS AUDIO Zvolen\",\"description\":\"High quality audio-components\",\"publisher\":{\"@id\":\"https:\/\/www.fpsaudio.sk\/#organization\"},\"potentialAction\":[{\"@type\":\"SearchAction\",\"target\":{\"@type\":\"EntryPoint\",\"urlTemplate\":\"https:\/\/www.fpsaudio.sk\/?s={search_term_string}\"},\"query-input\":\"required name=search_term_string\"}],\"inLanguage\":\"sk-SK\"},{\"@type\":\"Organization\",\"@id\":\"https:\/\/www.fpsaudio.sk\/#organization\",\"name\":\"FPS audio\",\"url\":\"https:\/\/www.fpsaudio.sk\/\",\"logo\":{\"@type\":\"ImageObject\",\"inLanguage\":\"sk-SK\",\"@id\":\"https:\/\/www.fpsaudio.sk\/#\/schema\/logo\/image\/\",\"url\":\"https:\/\/www.fpsaudio.sk\/wp-content\/uploads\/2021\/05\/fps_logo_retina.png\",\"contentUrl\":\"https:\/\/www.fpsaudio.sk\/wp-content\/uploads\/2021\/05\/fps_logo_retina.png\",\"width\":296,\"height\":200,\"caption\":\"FPS audio\"},\"image\":{\"@id\":\"https:\/\/www.fpsaudio.sk\/#\/schema\/logo\/image\/\"}}]}<\/script>\n<!-- \/ Yoast SEO plugin. -->","yoast_head_json":{"title":"MCOIL SGFC \u00b7 SILVERGOLD FOIL PP &ndash; FPS AUDIO Zvolen","robots":{"index":"index","follow":"follow","max-snippet":"max-snippet:-1","max-image-preview":"max-image-preview:large","max-video-preview":"max-video-preview:-1"},"canonical":"https:\/\/www.fpsaudio.sk\/?page_id=741","og_locale":"sk_SK","og_type":"article","og_title":"MCOIL SGFC \u00b7 SILVERGOLD FOIL PP &ndash; FPS AUDIO Zvolen","og_url":"https:\/\/www.fpsaudio.sk\/?page_id=741","og_site_name":"FPS AUDIO Zvolen","article_modified_time":"2021-05-12T07:20:23+00:00","twitter_card":"summary_large_image","twitter_misc":{"Predpokladan\u00fd \u010das \u010d\u00edtania":"8 min\u00fat"},"schema":{"@context":"https:\/\/schema.org","@graph":[{"@type":"WebPage","@id":"https:\/\/www.fpsaudio.sk\/?page_id=741","url":"https:\/\/www.fpsaudio.sk\/?page_id=741","name":"MCOIL SGFC \u00b7 SILVERGOLD FOIL PP &ndash; FPS AUDIO Zvolen","isPartOf":{"@id":"https:\/\/www.fpsaudio.sk\/#website"},"datePublished":"2021-05-11T11:45:48+00:00","dateModified":"2021-05-12T07:20:23+00:00","breadcrumb":{"@id":"https:\/\/www.fpsaudio.sk\/?page_id=741#breadcrumb"},"inLanguage":"sk-SK","potentialAction":[{"@type":"ReadAction","target":["https:\/\/www.fpsaudio.sk\/?page_id=741"]}]},{"@type":"BreadcrumbList","@id":"https:\/\/www.fpsaudio.sk\/?page_id=741#breadcrumb","itemListElement":[{"@type":"ListItem","position":1,"name":"Domovsk\u00e1 str\u00e1nka","item":"https:\/\/www.fpsaudio.sk\/"},{"@type":"ListItem","position":2,"name":"COILS","item":"https:\/\/www.fpsaudio.sk\/?page_id=634"},{"@type":"ListItem","position":3,"name":"AIR COILS","item":"https:\/\/www.fpsaudio.sk\/?page_id=714"},{"@type":"ListItem","position":4,"name":"MCOIL SGFC \u00b7 SILVERGOLD FOIL PP"}]},{"@type":"WebSite","@id":"https:\/\/www.fpsaudio.sk\/#website","url":"https:\/\/www.fpsaudio.sk\/","name":"FPS AUDIO Zvolen","description":"High quality audio-components","publisher":{"@id":"https:\/\/www.fpsaudio.sk\/#organization"},"potentialAction":[{"@type":"SearchAction","target":{"@type":"EntryPoint","urlTemplate":"https:\/\/www.fpsaudio.sk\/?s={search_term_string}"},"query-input":"required name=search_term_string"}],"inLanguage":"sk-SK"},{"@type":"Organization","@id":"https:\/\/www.fpsaudio.sk\/#organization","name":"FPS audio","url":"https:\/\/www.fpsaudio.sk\/","logo":{"@type":"ImageObject","inLanguage":"sk-SK","@id":"https:\/\/www.fpsaudio.sk\/#\/schema\/logo\/image\/","url":"https:\/\/www.fpsaudio.sk\/wp-content\/uploads\/2021\/05\/fps_logo_retina.png","contentUrl":"https:\/\/www.fpsaudio.sk\/wp-content\/uploads\/2021\/05\/fps_logo_retina.png","width":296,"height":200,"caption":"FPS audio"},"image":{"@id":"https:\/\/www.fpsaudio.sk\/#\/schema\/logo\/image\/"}}]}},"_links":{"self":[{"href":"https:\/\/www.fpsaudio.sk\/index.php?rest_route=\/wp\/v2\/pages\/741","targetHints":{"allow":["GET"]}}],"collection":[{"href":"https:\/\/www.fpsaudio.sk\/index.php?rest_route=\/wp\/v2\/pages"}],"about":[{"href":"https:\/\/www.fpsaudio.sk\/index.php?rest_route=\/wp\/v2\/types\/page"}],"author":[{"embeddable":true,"href":"https:\/\/www.fpsaudio.sk\/index.php?rest_route=\/wp\/v2\/users\/1"}],"replies":[{"embeddable":true,"href":"https:\/\/www.fpsaudio.sk\/index.php?rest_route=%2Fwp%2Fv2%2Fcomments&post=741"}],"version-history":[{"count":2,"href":"https:\/\/www.fpsaudio.sk\/index.php?rest_route=\/wp\/v2\/pages\/741\/revisions"}],"predecessor-version":[{"id":1358,"href":"https:\/\/www.fpsaudio.sk\/index.php?rest_route=\/wp\/v2\/pages\/741\/revisions\/1358"}],"up":[{"embeddable":true,"href":"https:\/\/www.fpsaudio.sk\/index.php?rest_route=\/wp\/v2\/pages\/714"}],"wp:attachment":[{"href":"https:\/\/www.fpsaudio.sk\/index.php?rest_route=%2Fwp%2Fv2%2Fmedia&parent=741"}],"curies":[{"name":"wp","href":"https:\/\/api.w.org\/{rel}","templated":true}]}}