{"id":9,"date":"2021-04-20T15:16:56","date_gmt":"2021-04-20T13:16:56","guid":{"rendered":"https:\/\/www.fpsaudio.sk\/?page_id=9"},"modified":"2021-04-20T15:16:56","modified_gmt":"2021-04-20T13:16:56","slug":"moj-ucet","status":"publish","type":"page","link":"https:\/\/www.fpsaudio.sk\/?page_id=9","title":{"rendered":"M\u00f4j \u00fa\u010det"},"content":{"rendered":"<div class=\"woocommerce\"><div class=\"woocommerce-notices-wrapper\"><\/div><div id=\"customer_login\" class=\"woocommerce-content-box full-width\">\n\n\t\t<h2>Login<\/h2>\n\n\t\t<form class=\"woocommerce-form woocommerce-form-login login\" method=\"post\">\n\n\t\t\t\n\t\t\t<p class=\"woocommerce-form-row woocommerce-form-row--wide form-row form-row-wide\">\n\t\t\t\t<label for=\"username\">Username or email address&nbsp;<span class=\"required\">*<\/span><\/label>\n\t\t\t\t<input type=\"text\" class=\"woocommerce-Input woocommerce-Input--text input-text\" name=\"username\" id=\"username\" autocomplete=\"username\" value=\"\" \/>\t\t\t<\/p>\n\t\t\t<p class=\"woocommerce-form-row woocommerce-form-row--wide form-row form-row-wide\">\n\t\t\t\t<label for=\"password\">Password&nbsp;<span class=\"required\">*<\/span><\/label>\n\t\t\t\t<input class=\"woocommerce-Input woocommerce-Input--text input-text\" type=\"password\" name=\"password\" id=\"password\" autocomplete=\"current-password\" \/>\n\t\t\t<\/p>\n\n\t\t\t\n\t\t\t<p class=\"form-row\">\n\t\t\t\t<label class=\"woocommerce-form__label woocommerce-form__label-for-checkbox woocommerce-form-login__rememberme\">\n\t\t\t\t\t<input class=\"woocommerce-form__input woocommerce-form__input-checkbox\" name=\"rememberme\" type=\"checkbox\" id=\"rememberme\" value=\"forever\" \/> <span>Remember me<\/span>\n\t\t\t\t<\/label>\n\t\t\t\t<input type=\"hidden\" id=\"woocommerce-login-nonce\" name=\"woocommerce-login-nonce\" value=\"28efd17830\" \/><input type=\"hidden\" name=\"_wp_http_referer\" value=\"\/index.php?rest_route=%2Fwp%2Fv2%2Fpages%2F9\" \/>\t\t\t\t<button type=\"submit\" class=\"woocommerce-button button woocommerce-form-login__submit\" name=\"login\" value=\"Log in\">Log in<\/button>\n\t\t\t<\/p>\n\t\t\t<p class=\"woocommerce-LostPassword lost_password\">\n\t\t\t\t<a href=\"https:\/\/www.fpsaudio.sk\/wp-login.php?action=lostpassword\">Lost your password?<\/a>\n\t\t\t<\/p>\n\n\t\t\t\n\t\t<\/form>\n\n\n<\/div><\/div>\n","protected":false},"excerpt":{"rendered":"","protected":false},"author":1,"featured_media":0,"parent":0,"menu_order":0,"comment_status":"closed","ping_status":"closed","template":"","meta":{"_mi_skip_tracking":false,"_monsterinsights_sitenote_active":false,"_monsterinsights_sitenote_note":"","_monsterinsights_sitenote_category":0,"footnotes":""},"class_list":["post-9","page","type-page","status-publish","hentry"],"yoast_head":"<!-- This site is optimized with the Yoast SEO plugin v20.12 - https:\/\/yoast.com\/wordpress\/plugins\/seo\/ -->\n<title>M\u00f4j \u00fa\u010det &ndash; FPS AUDIO Zvolen<\/title>\n<meta name=\"robots\" content=\"index, follow, max-snippet:-1, max-image-preview:large, max-video-preview:-1\" \/>\n<link rel=\"canonical\" href=\"https:\/\/www.fpsaudio.sk\/?page_id=9\" \/>\n<meta property=\"og:locale\" content=\"sk_SK\" \/>\n<meta property=\"og:type\" content=\"article\" \/>\n<meta property=\"og:title\" content=\"M\u00f4j \u00fa\u010det &ndash; FPS AUDIO Zvolen\" \/>\n<meta property=\"og:url\" content=\"https:\/\/www.fpsaudio.sk\/?page_id=9\" \/>\n<meta property=\"og:site_name\" content=\"FPS AUDIO Zvolen\" \/>\n<meta name=\"twitter:card\" content=\"summary_large_image\" \/>\n<script type=\"application\/ld+json\" class=\"yoast-schema-graph\">{\"@context\":\"https:\/\/schema.org\",\"@graph\":[{\"@type\":\"WebPage\",\"@id\":\"https:\/\/www.fpsaudio.sk\/?page_id=9\",\"url\":\"https:\/\/www.fpsaudio.sk\/?page_id=9\",\"name\":\"M\u00f4j \u00fa\u010det &ndash; FPS AUDIO Zvolen\",\"isPartOf\":{\"@id\":\"https:\/\/www.fpsaudio.sk\/#website\"},\"datePublished\":\"2021-04-20T13:16:56+00:00\",\"dateModified\":\"2021-04-20T13:16:56+00:00\",\"breadcrumb\":{\"@id\":\"https:\/\/www.fpsaudio.sk\/?page_id=9#breadcrumb\"},\"inLanguage\":\"sk-SK\",\"potentialAction\":[{\"@type\":\"ReadAction\",\"target\":[\"https:\/\/www.fpsaudio.sk\/?page_id=9\"]}]},{\"@type\":\"BreadcrumbList\",\"@id\":\"https:\/\/www.fpsaudio.sk\/?page_id=9#breadcrumb\",\"itemListElement\":[{\"@type\":\"ListItem\",\"position\":1,\"name\":\"Domovsk\u00e1 str\u00e1nka\",\"item\":\"https:\/\/www.fpsaudio.sk\/\"},{\"@type\":\"ListItem\",\"position\":2,\"name\":\"M\u00f4j \u00fa\u010det\"}]},{\"@type\":\"WebSite\",\"@id\":\"https:\/\/www.fpsaudio.sk\/#website\",\"url\":\"https:\/\/www.fpsaudio.sk\/\",\"name\":\"FPS AUDIO Zvolen\",\"description\":\"High quality audio-components\",\"publisher\":{\"@id\":\"https:\/\/www.fpsaudio.sk\/#organization\"},\"potentialAction\":[{\"@type\":\"SearchAction\",\"target\":{\"@type\":\"EntryPoint\",\"urlTemplate\":\"https:\/\/www.fpsaudio.sk\/?s={search_term_string}\"},\"query-input\":\"required name=search_term_string\"}],\"inLanguage\":\"sk-SK\"},{\"@type\":\"Organization\",\"@id\":\"https:\/\/www.fpsaudio.sk\/#organization\",\"name\":\"FPS audio\",\"url\":\"https:\/\/www.fpsaudio.sk\/\",\"logo\":{\"@type\":\"ImageObject\",\"inLanguage\":\"sk-SK\",\"@id\":\"https:\/\/www.fpsaudio.sk\/#\/schema\/logo\/image\/\",\"url\":\"https:\/\/www.fpsaudio.sk\/wp-content\/uploads\/2021\/05\/fps_logo_retina.png\",\"contentUrl\":\"https:\/\/www.fpsaudio.sk\/wp-content\/uploads\/2021\/05\/fps_logo_retina.png\",\"width\":296,\"height\":200,\"caption\":\"FPS audio\"},\"image\":{\"@id\":\"https:\/\/www.fpsaudio.sk\/#\/schema\/logo\/image\/\"}}]}<\/script>\n<!-- \/ Yoast SEO plugin. -->","yoast_head_json":{"title":"M\u00f4j \u00fa\u010det &ndash; FPS AUDIO Zvolen","robots":{"index":"index","follow":"follow","max-snippet":"max-snippet:-1","max-image-preview":"max-image-preview:large","max-video-preview":"max-video-preview:-1"},"canonical":"https:\/\/www.fpsaudio.sk\/?page_id=9","og_locale":"sk_SK","og_type":"article","og_title":"M\u00f4j \u00fa\u010det &ndash; FPS AUDIO Zvolen","og_url":"https:\/\/www.fpsaudio.sk\/?page_id=9","og_site_name":"FPS AUDIO Zvolen","twitter_card":"summary_large_image","schema":{"@context":"https:\/\/schema.org","@graph":[{"@type":"WebPage","@id":"https:\/\/www.fpsaudio.sk\/?page_id=9","url":"https:\/\/www.fpsaudio.sk\/?page_id=9","name":"M\u00f4j \u00fa\u010det &ndash; FPS AUDIO Zvolen","isPartOf":{"@id":"https:\/\/www.fpsaudio.sk\/#website"},"datePublished":"2021-04-20T13:16:56+00:00","dateModified":"2021-04-20T13:16:56+00:00","breadcrumb":{"@id":"https:\/\/www.fpsaudio.sk\/?page_id=9#breadcrumb"},"inLanguage":"sk-SK","potentialAction":[{"@type":"ReadAction","target":["https:\/\/www.fpsaudio.sk\/?page_id=9"]}]},{"@type":"BreadcrumbList","@id":"https:\/\/www.fpsaudio.sk\/?page_id=9#breadcrumb","itemListElement":[{"@type":"ListItem","position":1,"name":"Domovsk\u00e1 str\u00e1nka","item":"https:\/\/www.fpsaudio.sk\/"},{"@type":"ListItem","position":2,"name":"M\u00f4j \u00fa\u010det"}]},{"@type":"WebSite","@id":"https:\/\/www.fpsaudio.sk\/#website","url":"https:\/\/www.fpsaudio.sk\/","name":"FPS AUDIO Zvolen","description":"High quality audio-components","publisher":{"@id":"https:\/\/www.fpsaudio.sk\/#organization"},"potentialAction":[{"@type":"SearchAction","target":{"@type":"EntryPoint","urlTemplate":"https:\/\/www.fpsaudio.sk\/?s={search_term_string}"},"query-input":"required name=search_term_string"}],"inLanguage":"sk-SK"},{"@type":"Organization","@id":"https:\/\/www.fpsaudio.sk\/#organization","name":"FPS audio","url":"https:\/\/www.fpsaudio.sk\/","logo":{"@type":"ImageObject","inLanguage":"sk-SK","@id":"https:\/\/www.fpsaudio.sk\/#\/schema\/logo\/image\/","url":"https:\/\/www.fpsaudio.sk\/wp-content\/uploads\/2021\/05\/fps_logo_retina.png","contentUrl":"https:\/\/www.fpsaudio.sk\/wp-content\/uploads\/2021\/05\/fps_logo_retina.png","width":296,"height":200,"caption":"FPS audio"},"image":{"@id":"https:\/\/www.fpsaudio.sk\/#\/schema\/logo\/image\/"}}]}},"_links":{"self":[{"href":"https:\/\/www.fpsaudio.sk\/index.php?rest_route=\/wp\/v2\/pages\/9","targetHints":{"allow":["GET"]}}],"collection":[{"href":"https:\/\/www.fpsaudio.sk\/index.php?rest_route=\/wp\/v2\/pages"}],"about":[{"href":"https:\/\/www.fpsaudio.sk\/index.php?rest_route=\/wp\/v2\/types\/page"}],"author":[{"embeddable":true,"href":"https:\/\/www.fpsaudio.sk\/index.php?rest_route=\/wp\/v2\/users\/1"}],"replies":[{"embeddable":true,"href":"https:\/\/www.fpsaudio.sk\/index.php?rest_route=%2Fwp%2Fv2%2Fcomments&post=9"}],"version-history":[{"count":0,"href":"https:\/\/www.fpsaudio.sk\/index.php?rest_route=\/wp\/v2\/pages\/9\/revisions"}],"wp:attachment":[{"href":"https:\/\/www.fpsaudio.sk\/index.php?rest_route=%2Fwp%2Fv2%2Fmedia&parent=9"}],"curies":[{"name":"wp","href":"https:\/\/api.w.org\/{rel}","templated":true}]}}