{"id":1538,"date":"2021-05-12T11:22:09","date_gmt":"2021-05-12T09:22:09","guid":{"rendered":"https:\/\/www.fpsaudio.sk\/?post_type=product&#038;p=1538"},"modified":"2021-05-12T11:33:30","modified_gmt":"2021-05-12T09:33:30","slug":"pentaton-bb","status":"publish","type":"product","link":"https:\/\/www.fpsaudio.sk\/?product=pentaton-bb","title":{"rendered":"PENTATON BB"},"content":{"rendered":"<div class=\"paragraph dd-text paragraph--type--dd-product-bi-text paragraph--view-mode--default\">\n<div class=\"field__label__container\">\n<h3 class=\"field__label\">Assembly<\/h3>\n<\/div>\n<p>Thanks to the modular design, building the\u00a0<a href=\"https:\/\/www.visaton.de\/de\/produkte\/hifi-surround-bauvorschlaege\/breitband-systeme\/pentaton-bb\">PENTATON BB<\/a>\u00a0is remarkably easy. The only point where it is essential to have the right tools or the help of a cabinet maker is for the bevels and angled edges. In particular for enclosures 1 &amp; 5 and 2 &amp; 4, it is crucial to ensure that the front edges of the base and lid are given their proper angles of 12\u00b0 and 6\u00b0 to ensure that the baffle is a flush fit. Apart from this, all ten enclosures are butt-glued, beginning with a side wall. The baffle must be glued in place last and must be a flush fit.<\/p>\n<\/div>\n<div class=\"paragraph dd-text paragraph--type--dd-product-bi-text paragraph--view-mode--default\">\n<div class=\"field__label__container\">\n<h3 class=\"field__label\">Inner damping<\/h3>\n<\/div>\n<p>4 mats of the damping material are to be evenly arranged in each cabinet.<\/p>\n<h3 class=\"field field--name-field-dd-bi-equipmentlist-headli field--type-string field--label-hidden field__item\">Cabinet parts list for 1 box<\/h3>\n<p>Parts\u00a0\u00a0\u00a0\u00a0\u00a0\u00a0\u00a0\u00a0\u00a0\u00a0\u00a0\u00a0\u00a0\u00a0\u00a0\u00a0\u00a0\u00a0\u00a0\u00a0\u00a0\u00a0\u00a0\u00a0\u00a0\u00a0\u00a0\u00a0\u00a0\u00a0\u00a0\u00a0\u00a0\u00a0\u00a0\u00a0\u00a0\u00a0\u00a0\u00a0\u00a0\u00a0\u00a0\u00a0\u00a0\u00a0\u00a0\u00a0\u00a0\u00a0\u00a0 Size (mm)\u00a0\u00a0\u00a0\u00a0\u00a0\u00a0\u00a0\u00a0\u00a0\u00a0\u00a0\u00a0\u00a0\u00a0\u00a0\u00a0\u00a0\u00a0\u00a0\u00a0\u00a0\u00a0\u00a0\u00a0\u00a0\u00a0 Quantity<\/p>\n<p>Material: 19 mm chipboard or MDF<\/p>\n<p>Side panel cabinet\u00a0\u00a0\u00a0\u00a0\u00a0\u00a0\u00a0\u00a0\u00a0\u00a0\u00a0\u00a0\u00a0\u00a0\u00a0\u00a0\u00a0\u00a0\u00a0\u00a0\u00a0\u00a0\u00a0\u00a0\u00a0 520 x 315\u00a0\u00a0\u00a0\u00a0\u00a0\u00a0\u00a0\u00a0\u00a0\u00a0\u00a0\u00a0\u00a0\u00a0\u00a0\u00a0\u00a0\u00a0\u00a0\u00a0\u00a0\u00a0\u00a0\u00a0\u00a0\u00a0\u00a0\u00a0\u00a0\u00a0\u00a0\u00a0\u00a0\u00a0\u00a0\u00a0\u00a0\u00a0\u00a0 2<\/p>\n<p>Side panel cabinet\u00a0\u00a0\u00a0\u00a0\u00a0\u00a0\u00a0\u00a0\u00a0\u00a0\u00a0\u00a0\u00a0\u00a0\u00a0\u00a0\u00a0\u00a0\u00a0\u00a0\u00a0\u00a0\u00a0\u00a0\u00a0 553 x 313\u00a0\u00a0\u00a0\u00a0\u00a0\u00a0\u00a0\u00a0\u00a0\u00a0\u00a0\u00a0\u00a0\u00a0\u00a0\u00a0\u00a0\u00a0\u00a0\u00a0\u00a0\u00a0\u00a0\u00a0\u00a0\u00a0\u00a0\u00a0\u00a0\u00a0\u00a0\u00a0\u00a0\u00a0\u00a0\u00a0\u00a0\u00a0\u00a0 4<\/p>\n<p>Side panel cabinet\u00a0\u00a0\u00a0\u00a0\u00a0\u00a0\u00a0\u00a0\u00a0\u00a0\u00a0\u00a0\u00a0\u00a0\u00a0\u00a0\u00a0\u00a0\u00a0\u00a0\u00a0\u00a0\u00a0\u00a0\u00a0 619 x 308\u00a0\u00a0\u00a0\u00a0\u00a0\u00a0\u00a0\u00a0\u00a0\u00a0\u00a0\u00a0\u00a0\u00a0\u00a0\u00a0\u00a0\u00a0\u00a0\u00a0\u00a0\u00a0\u00a0\u00a0\u00a0\u00a0\u00a0\u00a0\u00a0\u00a0\u00a0\u00a0\u00a0\u00a0\u00a0\u00a0\u00a0\u00a0\u00a0 4<\/p>\n<p>Bottom\/Top panel cabinet 3\u00a0\u00a0\u00a0\u00a0\u00a0\u00a0 520 x 277\u00a0\u00a0\u00a0\u00a0\u00a0\u00a0\u00a0\u00a0\u00a0\u00a0\u00a0\u00a0\u00a0\u00a0\u00a0\u00a0\u00a0\u00a0\u00a0\u00a0\u00a0\u00a0\u00a0\u00a0\u00a0\u00a0\u00a0\u00a0\u00a0\u00a0\u00a0\u00a0\u00a0\u00a0\u00a0\u00a0\u00a0\u00a0\u00a0 2<\/p>\n<p>Bottom panel cabinet 2+4\u00a0\u00a0\u00a0\u00a0\u00a0\u00a0\u00a0\u00a0\u00a0\u00a0 553 x 277\u00a0\u00a0\u00a0\u00a0\u00a0\u00a0\u00a0\u00a0\u00a0\u00a0\u00a0\u00a0\u00a0\u00a0\u00a0\u00a0\u00a0\u00a0\u00a0\u00a0\u00a0\u00a0\u00a0\u00a0\u00a0\u00a0\u00a0\u00a0\u00a0\u00a0\u00a0\u00a0\u00a0\u00a0\u00a0\u00a0\u00a0\u00a0\u00a0 2<\/p>\n<p>Bottom panel cabinet 1+5\u00a0\u00a0\u00a0\u00a0\u00a0\u00a0\u00a0\u00a0\u00a0\u00a0 619 x 277\u00a0\u00a0\u00a0\u00a0\u00a0\u00a0\u00a0\u00a0\u00a0\u00a0\u00a0\u00a0\u00a0\u00a0\u00a0\u00a0\u00a0\u00a0\u00a0\u00a0\u00a0\u00a0\u00a0\u00a0\u00a0\u00a0\u00a0\u00a0\u00a0\u00a0\u00a0\u00a0\u00a0\u00a0\u00a0\u00a0\u00a0\u00a0\u00a0 2<\/p>\n<p>Top panel cabinet 2+4\u00a0\u00a0\u00a0\u00a0\u00a0\u00a0\u00a0\u00a0\u00a0\u00a0\u00a0\u00a0\u00a0\u00a0\u00a0\u00a0\u00a0 522 x 277\u00a0\u00a0\u00a0\u00a0\u00a0\u00a0\u00a0\u00a0\u00a0\u00a0\u00a0\u00a0\u00a0\u00a0\u00a0\u00a0\u00a0\u00a0\u00a0\u00a0\u00a0\u00a0\u00a0\u00a0\u00a0\u00a0\u00a0\u00a0\u00a0\u00a0\u00a0\u00a0\u00a0\u00a0\u00a0\u00a0\u00a0\u00a0\u00a0 2<\/p>\n<p>Top panel cabinet 1+5\u00a0\u00a0\u00a0\u00a0\u00a0\u00a0\u00a0\u00a0\u00a0\u00a0\u00a0\u00a0\u00a0\u00a0\u00a0\u00a0\u00a0 557 x 277\u00a0\u00a0\u00a0\u00a0\u00a0\u00a0\u00a0\u00a0\u00a0\u00a0\u00a0\u00a0\u00a0\u00a0\u00a0\u00a0\u00a0\u00a0\u00a0\u00a0\u00a0\u00a0\u00a0\u00a0\u00a0\u00a0\u00a0\u00a0\u00a0\u00a0\u00a0\u00a0\u00a0\u00a0\u00a0\u00a0\u00a0\u00a0\u00a0 2<\/p>\n<p>Rear panel cabinet 3\u00a0\u00a0\u00a0\u00a0\u00a0\u00a0\u00a0\u00a0\u00a0\u00a0\u00a0\u00a0\u00a0\u00a0\u00a0\u00a0\u00a0\u00a0\u00a0\u00a0\u00a0 277 x 277\u00a0\u00a0\u00a0\u00a0\u00a0\u00a0\u00a0\u00a0\u00a0\u00a0\u00a0\u00a0\u00a0\u00a0\u00a0\u00a0\u00a0\u00a0\u00a0\u00a0\u00a0\u00a0\u00a0\u00a0\u00a0\u00a0\u00a0\u00a0\u00a0\u00a0\u00a0\u00a0\u00a0\u00a0\u00a0\u00a0\u00a0\u00a0\u00a0 1<\/p>\n<p>Rear panel cabinet 2+4\u00a0\u00a0\u00a0\u00a0\u00a0\u00a0\u00a0\u00a0\u00a0\u00a0\u00a0\u00a0\u00a0\u00a0\u00a0\u00a0 275 x 277\u00a0\u00a0\u00a0\u00a0\u00a0\u00a0\u00a0\u00a0\u00a0\u00a0\u00a0\u00a0\u00a0\u00a0\u00a0\u00a0\u00a0\u00a0\u00a0\u00a0\u00a0\u00a0\u00a0\u00a0\u00a0\u00a0\u00a0\u00a0\u00a0\u00a0\u00a0\u00a0\u00a0\u00a0\u00a0\u00a0\u00a0\u00a0\u00a0 2<\/p>\n<p>Rear panel cabinet 1+5\u00a0\u00a0\u00a0\u00a0\u00a0\u00a0\u00a0\u00a0\u00a0\u00a0\u00a0\u00a0\u00a0\u00a0\u00a0\u00a0 270 x 277\u00a0\u00a0\u00a0\u00a0\u00a0\u00a0\u00a0\u00a0\u00a0\u00a0\u00a0\u00a0\u00a0\u00a0\u00a0\u00a0\u00a0\u00a0\u00a0\u00a0\u00a0\u00a0\u00a0\u00a0\u00a0\u00a0\u00a0\u00a0\u00a0\u00a0\u00a0\u00a0\u00a0\u00a0\u00a0\u00a0\u00a0\u00a0\u00a0 2<\/p>\n<p>Baffle 1-5\u00a0\u00a0\u00a0\u00a0\u00a0\u00a0\u00a0\u00a0\u00a0\u00a0\u00a0\u00a0\u00a0\u00a0\u00a0\u00a0\u00a0\u00a0\u00a0\u00a0\u00a0\u00a0\u00a0\u00a0\u00a0\u00a0\u00a0\u00a0\u00a0\u00a0\u00a0\u00a0\u00a0\u00a0\u00a0\u00a0\u00a0\u00a0\u00a0\u00a0\u00a0\u00a0 315 x 315\u00a0\u00a0\u00a0\u00a0\u00a0\u00a0\u00a0\u00a0\u00a0\u00a0\u00a0\u00a0\u00a0\u00a0\u00a0\u00a0\u00a0\u00a0\u00a0\u00a0\u00a0\u00a0\u00a0\u00a0\u00a0\u00a0\u00a0\u00a0\u00a0\u00a0\u00a0\u00a0\u00a0\u00a0\u00a0\u00a0\u00a0\u00a0\u00a0 5<\/p>\n<\/div>\n","protected":false},"excerpt":{"rendered":"<p>Full-range loudspeakers are enjoying another comeback and arousing increased interest, embodying, as they do, everything that a point soundsource should be. Large full-range loudspeakers like the\u00a0<a href=\"https:\/\/www.visaton.de\/de\/produkte\/chassis\/breitband-systeme\/b-200-6-ohm\">B 200 &#8211; 6 Ohm<\/a>have the additional characteristic of transmitting the sound in a tightly bundled beam, which produces a very tangible, three-dimensional effect and allows individual instruments to be easily located. A drawback of the system, however, is that this beaming process and the sensitivity are reduced at lower frequencies. The\u00a0<a href=\"https:\/\/www.visaton.de\/de\/produkte\/hifi-surround-bauvorschlaege\/breitband-systeme\/pentaton-bb\">PENTATON BB<\/a>\u00a0was developed specifically as a cabinet based on the legendary\u00a0<a href=\"https:\/\/www.visaton.de\/de\/produkte\/chassis\/breitband-systeme\/b-200-6-ohm\">B 200 &#8211; 6 Ohm<\/a>\u00a0but designed to compensate for these two disadvantages.<\/p>\n<p>In a similar way to the\u00a0<a href=\"https:\/\/www.visaton.de\/de\/produkte\/hifi-surround-bauvorschlaege\/breitband-systeme\/quadro\">QUADRO<\/a>, additional full-range drivers are switched in to supplement the central driver, which is connected direct to the amplifier without an intervening filter, as the frequencies go down the scale. This allows the\u00a0<a href=\"https:\/\/www.visaton.de\/de\/produkte\/chassis\/breitband-systeme\/b-200-6-ohm\">B 200 &#8211; 6 Ohm<\/a>\u00a0to develop its full potential with none of the impairments caused by frequency-dependent signal-carrying components, while the\u00a0<a href=\"https:\/\/www.visaton.de\/de\/produkte\/chassis\/breitband-systeme\/bg-20-8-ohm\">BG 20 &#8211; 8 Ohm<\/a>s, that are optimised for low-frequency response, maintain the extremely high sensitivity and beaming effect right down to the bass range. The additional full-range drivers are arranged symmetrically in two groups around the main speaker, which again creates an acoustic focus in the centre of the speaker cabinet. On top of this, the baffles in enclosures 2 and 4 and in enclosures 1 and 5 are angled inwards by 6\u00b0 and 12\u00b0 respectively. This feature guarantees that, assuming a typical listening distance of approx. 3 m, each of the drivers is exactly the same distance away from the ear and at the same angle. Given the size of these speaker cabinets, this is the only way to ensure that the phases of all the drivers are in sync across the entire frequency range.<\/p>\n<p>The result of all these characteristics taken together is a sound image of the stage that could hardly be clearer or more precise. Even baritone male voices and large instruments such as the double bass or bassoon appear to be present full-size, in the right place on the virtual stage and in tangible 3D. Thanks to the enormous diaphragm area and the low moving mass, the\u00a0<a href=\"https:\/\/www.visaton.de\/de\/produkte\/hifi-surround-bauvorschlaege\/breitband-systeme\/pentaton-bb\">PENTATON BB<\/a>\u00a0transforms dynamic jumps in the recording decisively and seamlessly into sound pressure and, with its superior handling, encourages the listener to increase the volume level until it is physically felt and yet it never becomes obtrusive or laboured.<\/p>\n<p>And yet, this is definitely a speaker for connoisseurs of lower volumes. Even at low output levels, the overall sound quality is tangible and mature so that every tiny musical detail, however small, is projected audibly without the slightest distortion. The frequency response is remarkably linear for a loudspeaker of this kind, which is why the\u00a0<a href=\"https:\/\/www.visaton.de\/de\/produkte\/hifi-surround-bauvorschlaege\/breitband-systeme\/pentaton-bb\">PENTATON BB<\/a>\u00a0is ideal for the authentic reproduction of every genre of music without restriction and will allow the listener to rediscover even old favourites thanks to its analytical and highly detailed approach.<\/p>\n<p>Thanks to its high sensitivity and uniform impedance curve, the\u00a0<a href=\"https:\/\/www.visaton.de\/de\/produkte\/hifi-surround-bauvorschlaege\/breitband-systeme\/pentaton-bb\">PENTATON BB<\/a>\u00a0is predestined for use in connection with high-grade tube amplifiers with relatively low output wattages.<\/p>\n","protected":false},"featured_media":1539,"comment_status":"open","ping_status":"closed","template":"","meta":{"_mi_skip_tracking":false,"_monsterinsights_sitenote_active":false,"_monsterinsights_sitenote_note":"","_monsterinsights_sitenote_category":0},"product_cat":[922],"product_tag":[],"class_list":{"0":"post-1538","1":"product","2":"type-product","3":"status-publish","4":"has-post-thumbnail","6":"product_cat-reproduktorove-sustavy","8":"first","9":"instock","10":"taxable","11":"shipping-taxable","12":"product-type-simple"},"yoast_head":"<!-- This site is optimized with the Yoast SEO plugin v20.12 - https:\/\/yoast.com\/wordpress\/plugins\/seo\/ -->\n<title>PENTATON BB &ndash; FPS AUDIO Zvolen<\/title>\n<meta name=\"robots\" content=\"index, follow, max-snippet:-1, max-image-preview:large, max-video-preview:-1\" \/>\n<link rel=\"canonical\" href=\"https:\/\/www.fpsaudio.sk\/?product=pentaton-bb\" \/>\n<meta property=\"og:locale\" content=\"sk_SK\" \/>\n<meta property=\"og:type\" content=\"article\" \/>\n<meta property=\"og:title\" content=\"PENTATON BB &ndash; FPS AUDIO Zvolen\" \/>\n<meta property=\"og:description\" content=\"Full-range loudspeakers are enjoying another comeback and arousing increased interest, embodying, as they do, everything that a point soundsource should be. Large full-range loudspeakers like the\u00a0B 200 - 6 Ohmhave the additional characteristic of transmitting the sound in a tightly bundled beam, which produces a very tangible, three-dimensional effect and allows individual instruments to be easily located. A drawback of the system, however, is that this beaming process and the sensitivity are reduced at lower frequencies. The\u00a0PENTATON BB\u00a0was developed specifically as a cabinet based on the legendary\u00a0B 200 - 6 Ohm\u00a0but designed to compensate for these two disadvantages.  In a similar way to the\u00a0QUADRO, additional full-range drivers are switched in to supplement the central driver, which is connected direct to the amplifier without an intervening filter, as the frequencies go down the scale. This allows the\u00a0B 200 - 6 Ohm\u00a0to develop its full potential with none of the impairments caused by frequency-dependent signal-carrying components, while the\u00a0BG 20 - 8 Ohms, that are optimised for low-frequency response, maintain the extremely high sensitivity and beaming effect right down to the bass range. The additional full-range drivers are arranged symmetrically in two groups around the main speaker, which again creates an acoustic focus in the centre of the speaker cabinet. On top of this, the baffles in enclosures 2 and 4 and in enclosures 1 and 5 are angled inwards by 6\u00b0 and 12\u00b0 respectively. This feature guarantees that, assuming a typical listening distance of approx. 3 m, each of the drivers is exactly the same distance away from the ear and at the same angle. Given the size of these speaker cabinets, this is the only way to ensure that the phases of all the drivers are in sync across the entire frequency range.  The result of all these characteristics taken together is a sound image of the stage that could hardly be clearer or more precise. Even baritone male voices and large instruments such as the double bass or bassoon appear to be present full-size, in the right place on the virtual stage and in tangible 3D. Thanks to the enormous diaphragm area and the low moving mass, the\u00a0PENTATON BB\u00a0transforms dynamic jumps in the recording decisively and seamlessly into sound pressure and, with its superior handling, encourages the listener to increase the volume level until it is physically felt and yet it never becomes obtrusive or laboured.  And yet, this is definitely a speaker for connoisseurs of lower volumes. Even at low output levels, the overall sound quality is tangible and mature so that every tiny musical detail, however small, is projected audibly without the slightest distortion. The frequency response is remarkably linear for a loudspeaker of this kind, which is why the\u00a0PENTATON BB\u00a0is ideal for the authentic reproduction of every genre of music without restriction and will allow the listener to rediscover even old favourites thanks to its analytical and highly detailed approach.  Thanks to its high sensitivity and uniform impedance curve, the\u00a0PENTATON BB\u00a0is predestined for use in connection with high-grade tube amplifiers with relatively low output wattages.\" \/>\n<meta property=\"og:url\" content=\"https:\/\/www.fpsaudio.sk\/?product=pentaton-bb\" \/>\n<meta property=\"og:site_name\" content=\"FPS AUDIO Zvolen\" \/>\n<meta property=\"article:modified_time\" content=\"2021-05-12T09:33:30+00:00\" \/>\n<meta property=\"og:image\" content=\"https:\/\/www.fpsaudio.sk\/wp-content\/uploads\/2021\/05\/pentatonbb.jpg\" \/>\n\t<meta property=\"og:image:width\" content=\"300\" \/>\n\t<meta property=\"og:image:height\" content=\"696\" \/>\n\t<meta property=\"og:image:type\" content=\"image\/jpeg\" \/>\n<meta name=\"twitter:card\" content=\"summary_large_image\" \/>\n<meta name=\"twitter:label1\" content=\"Predpokladan\u00fd \u010das \u010d\u00edtania\" \/>\n\t<meta name=\"twitter:data1\" content=\"1 min\u00fata\" \/>\n<script type=\"application\/ld+json\" class=\"yoast-schema-graph\">{\"@context\":\"https:\/\/schema.org\",\"@graph\":[{\"@type\":\"WebPage\",\"@id\":\"https:\/\/www.fpsaudio.sk\/?product=pentaton-bb\",\"url\":\"https:\/\/www.fpsaudio.sk\/?product=pentaton-bb\",\"name\":\"PENTATON BB &ndash; FPS AUDIO Zvolen\",\"isPartOf\":{\"@id\":\"https:\/\/www.fpsaudio.sk\/#website\"},\"datePublished\":\"2021-05-12T09:22:09+00:00\",\"dateModified\":\"2021-05-12T09:33:30+00:00\",\"breadcrumb\":{\"@id\":\"https:\/\/www.fpsaudio.sk\/?product=pentaton-bb#breadcrumb\"},\"inLanguage\":\"sk-SK\",\"potentialAction\":[{\"@type\":\"ReadAction\",\"target\":[\"https:\/\/www.fpsaudio.sk\/?product=pentaton-bb\"]}]},{\"@type\":\"BreadcrumbList\",\"@id\":\"https:\/\/www.fpsaudio.sk\/?product=pentaton-bb#breadcrumb\",\"itemListElement\":[{\"@type\":\"ListItem\",\"position\":1,\"name\":\"Domovsk\u00e1 str\u00e1nka\",\"item\":\"https:\/\/www.fpsaudio.sk\/\"},{\"@type\":\"ListItem\",\"position\":2,\"name\":\"Obchod\",\"item\":\"https:\/\/www.fpsaudio.sk\/\"},{\"@type\":\"ListItem\",\"position\":3,\"name\":\"PENTATON BB\"}]},{\"@type\":\"WebSite\",\"@id\":\"https:\/\/www.fpsaudio.sk\/#website\",\"url\":\"https:\/\/www.fpsaudio.sk\/\",\"name\":\"FPS AUDIO Zvolen\",\"description\":\"High quality audio-components\",\"publisher\":{\"@id\":\"https:\/\/www.fpsaudio.sk\/#organization\"},\"potentialAction\":[{\"@type\":\"SearchAction\",\"target\":{\"@type\":\"EntryPoint\",\"urlTemplate\":\"https:\/\/www.fpsaudio.sk\/?s={search_term_string}\"},\"query-input\":\"required name=search_term_string\"}],\"inLanguage\":\"sk-SK\"},{\"@type\":\"Organization\",\"@id\":\"https:\/\/www.fpsaudio.sk\/#organization\",\"name\":\"FPS audio\",\"url\":\"https:\/\/www.fpsaudio.sk\/\",\"logo\":{\"@type\":\"ImageObject\",\"inLanguage\":\"sk-SK\",\"@id\":\"https:\/\/www.fpsaudio.sk\/#\/schema\/logo\/image\/\",\"url\":\"https:\/\/www.fpsaudio.sk\/wp-content\/uploads\/2021\/05\/fps_logo_retina.png\",\"contentUrl\":\"https:\/\/www.fpsaudio.sk\/wp-content\/uploads\/2021\/05\/fps_logo_retina.png\",\"width\":296,\"height\":200,\"caption\":\"FPS audio\"},\"image\":{\"@id\":\"https:\/\/www.fpsaudio.sk\/#\/schema\/logo\/image\/\"}}]}<\/script>\n<!-- \/ Yoast SEO plugin. -->","yoast_head_json":{"title":"PENTATON BB &ndash; FPS AUDIO Zvolen","robots":{"index":"index","follow":"follow","max-snippet":"max-snippet:-1","max-image-preview":"max-image-preview:large","max-video-preview":"max-video-preview:-1"},"canonical":"https:\/\/www.fpsaudio.sk\/?product=pentaton-bb","og_locale":"sk_SK","og_type":"article","og_title":"PENTATON BB &ndash; FPS AUDIO Zvolen","og_description":"Full-range loudspeakers are enjoying another comeback and arousing increased interest, embodying, as they do, everything that a point soundsource should be. Large full-range loudspeakers like the\u00a0B 200 - 6 Ohmhave the additional characteristic of transmitting the sound in a tightly bundled beam, which produces a very tangible, three-dimensional effect and allows individual instruments to be easily located. A drawback of the system, however, is that this beaming process and the sensitivity are reduced at lower frequencies. The\u00a0PENTATON BB\u00a0was developed specifically as a cabinet based on the legendary\u00a0B 200 - 6 Ohm\u00a0but designed to compensate for these two disadvantages.  In a similar way to the\u00a0QUADRO, additional full-range drivers are switched in to supplement the central driver, which is connected direct to the amplifier without an intervening filter, as the frequencies go down the scale. This allows the\u00a0B 200 - 6 Ohm\u00a0to develop its full potential with none of the impairments caused by frequency-dependent signal-carrying components, while the\u00a0BG 20 - 8 Ohms, that are optimised for low-frequency response, maintain the extremely high sensitivity and beaming effect right down to the bass range. The additional full-range drivers are arranged symmetrically in two groups around the main speaker, which again creates an acoustic focus in the centre of the speaker cabinet. On top of this, the baffles in enclosures 2 and 4 and in enclosures 1 and 5 are angled inwards by 6\u00b0 and 12\u00b0 respectively. This feature guarantees that, assuming a typical listening distance of approx. 3 m, each of the drivers is exactly the same distance away from the ear and at the same angle. Given the size of these speaker cabinets, this is the only way to ensure that the phases of all the drivers are in sync across the entire frequency range.  The result of all these characteristics taken together is a sound image of the stage that could hardly be clearer or more precise. Even baritone male voices and large instruments such as the double bass or bassoon appear to be present full-size, in the right place on the virtual stage and in tangible 3D. Thanks to the enormous diaphragm area and the low moving mass, the\u00a0PENTATON BB\u00a0transforms dynamic jumps in the recording decisively and seamlessly into sound pressure and, with its superior handling, encourages the listener to increase the volume level until it is physically felt and yet it never becomes obtrusive or laboured.  And yet, this is definitely a speaker for connoisseurs of lower volumes. Even at low output levels, the overall sound quality is tangible and mature so that every tiny musical detail, however small, is projected audibly without the slightest distortion. The frequency response is remarkably linear for a loudspeaker of this kind, which is why the\u00a0PENTATON BB\u00a0is ideal for the authentic reproduction of every genre of music without restriction and will allow the listener to rediscover even old favourites thanks to its analytical and highly detailed approach.  Thanks to its high sensitivity and uniform impedance curve, the\u00a0PENTATON BB\u00a0is predestined for use in connection with high-grade tube amplifiers with relatively low output wattages.","og_url":"https:\/\/www.fpsaudio.sk\/?product=pentaton-bb","og_site_name":"FPS AUDIO Zvolen","article_modified_time":"2021-05-12T09:33:30+00:00","og_image":[{"width":300,"height":696,"url":"https:\/\/www.fpsaudio.sk\/wp-content\/uploads\/2021\/05\/pentatonbb.jpg","type":"image\/jpeg"}],"twitter_card":"summary_large_image","twitter_misc":{"Predpokladan\u00fd \u010das \u010d\u00edtania":"1 min\u00fata"},"schema":{"@context":"https:\/\/schema.org","@graph":[{"@type":"WebPage","@id":"https:\/\/www.fpsaudio.sk\/?product=pentaton-bb","url":"https:\/\/www.fpsaudio.sk\/?product=pentaton-bb","name":"PENTATON BB &ndash; FPS AUDIO Zvolen","isPartOf":{"@id":"https:\/\/www.fpsaudio.sk\/#website"},"datePublished":"2021-05-12T09:22:09+00:00","dateModified":"2021-05-12T09:33:30+00:00","breadcrumb":{"@id":"https:\/\/www.fpsaudio.sk\/?product=pentaton-bb#breadcrumb"},"inLanguage":"sk-SK","potentialAction":[{"@type":"ReadAction","target":["https:\/\/www.fpsaudio.sk\/?product=pentaton-bb"]}]},{"@type":"BreadcrumbList","@id":"https:\/\/www.fpsaudio.sk\/?product=pentaton-bb#breadcrumb","itemListElement":[{"@type":"ListItem","position":1,"name":"Domovsk\u00e1 str\u00e1nka","item":"https:\/\/www.fpsaudio.sk\/"},{"@type":"ListItem","position":2,"name":"Obchod","item":"https:\/\/www.fpsaudio.sk\/"},{"@type":"ListItem","position":3,"name":"PENTATON BB"}]},{"@type":"WebSite","@id":"https:\/\/www.fpsaudio.sk\/#website","url":"https:\/\/www.fpsaudio.sk\/","name":"FPS AUDIO Zvolen","description":"High quality audio-components","publisher":{"@id":"https:\/\/www.fpsaudio.sk\/#organization"},"potentialAction":[{"@type":"SearchAction","target":{"@type":"EntryPoint","urlTemplate":"https:\/\/www.fpsaudio.sk\/?s={search_term_string}"},"query-input":"required name=search_term_string"}],"inLanguage":"sk-SK"},{"@type":"Organization","@id":"https:\/\/www.fpsaudio.sk\/#organization","name":"FPS audio","url":"https:\/\/www.fpsaudio.sk\/","logo":{"@type":"ImageObject","inLanguage":"sk-SK","@id":"https:\/\/www.fpsaudio.sk\/#\/schema\/logo\/image\/","url":"https:\/\/www.fpsaudio.sk\/wp-content\/uploads\/2021\/05\/fps_logo_retina.png","contentUrl":"https:\/\/www.fpsaudio.sk\/wp-content\/uploads\/2021\/05\/fps_logo_retina.png","width":296,"height":200,"caption":"FPS audio"},"image":{"@id":"https:\/\/www.fpsaudio.sk\/#\/schema\/logo\/image\/"}}]}},"_links":{"self":[{"href":"https:\/\/www.fpsaudio.sk\/index.php?rest_route=\/wp\/v2\/product\/1538","targetHints":{"allow":["GET"]}}],"collection":[{"href":"https:\/\/www.fpsaudio.sk\/index.php?rest_route=\/wp\/v2\/product"}],"about":[{"href":"https:\/\/www.fpsaudio.sk\/index.php?rest_route=\/wp\/v2\/types\/product"}],"replies":[{"embeddable":true,"href":"https:\/\/www.fpsaudio.sk\/index.php?rest_route=%2Fwp%2Fv2%2Fcomments&post=1538"}],"wp:featuredmedia":[{"embeddable":true,"href":"https:\/\/www.fpsaudio.sk\/index.php?rest_route=\/wp\/v2\/media\/1539"}],"wp:attachment":[{"href":"https:\/\/www.fpsaudio.sk\/index.php?rest_route=%2Fwp%2Fv2%2Fmedia&parent=1538"}],"wp:term":[{"taxonomy":"product_cat","embeddable":true,"href":"https:\/\/www.fpsaudio.sk\/index.php?rest_route=%2Fwp%2Fv2%2Fproduct_cat&post=1538"},{"taxonomy":"product_tag","embeddable":true,"href":"https:\/\/www.fpsaudio.sk\/index.php?rest_route=%2Fwp%2Fv2%2Fproduct_tag&post=1538"}],"curies":[{"name":"wp","href":"https:\/\/api.w.org\/{rel}","templated":true}]}}